{"id":845,"date":"2024-10-03T14:57:25","date_gmt":"2024-10-03T14:57:25","guid":{"rendered":"https:\/\/cogniquest.eu\/dla-nauczycieli\/blog\/"},"modified":"2024-11-14T14:43:08","modified_gmt":"2024-11-14T14:43:08","slug":"blog","status":"publish","type":"page","link":"https:\/\/cogniquest.eu\/pl\/dla-nauczycieli\/blog\/","title":{"rendered":"Blog"},"content":{"rendered":"<p>[et_pb_section fb_built=&#8221;1&#8243; _builder_version=&#8221;4.27.0&#8243; _module_preset=&#8221;default&#8221; custom_padding=&#8221;||||false|false&#8221; locked=&#8221;off&#8221; collapsed=&#8221;off&#8221; global_colors_info=&#8221;{}&#8221;][et_pb_row _builder_version=&#8221;4.27.0&#8243; _module_preset=&#8221;default&#8221; global_colors_info=&#8221;{}&#8221;][et_pb_column type=&#8221;4_4&#8243; _builder_version=&#8221;4.27.0&#8243; _module_preset=&#8221;default&#8221; global_colors_info=&#8221;{}&#8221;][et_pb_post_title meta=&#8221;off&#8221; featured_image=&#8221;off&#8221; _builder_version=&#8221;4.27.0&#8243; _module_preset=&#8221;default&#8221; title_font=&#8221;||||||||&#8221; title_text_color=&#8221;#000000&#8243; title_font_size=&#8221;3.5em&#8221; global_colors_info=&#8221;{}&#8221;][\/et_pb_post_title][\/et_pb_column][\/et_pb_row][et_pb_row _builder_version=&#8221;4.27.0&#8243; _module_preset=&#8221;default&#8221; hover_enabled=&#8221;0&#8243; global_colors_info=&#8221;{}&#8221; sticky_enabled=&#8221;0&#8243;][et_pb_column type=&#8221;4_4&#8243; _builder_version=&#8221;4.27.0&#8243; _module_preset=&#8221;default&#8221; global_colors_info=&#8221;{}&#8221;][et_pb_code _builder_version=&#8221;4.27.0&#8243; _module_preset=&#8221;default&#8221; global_colors_info=&#8221;{}&#8221;]<!-- Gridbuilder \u1d42\u1d3e Plugin (https:\/\/wpgridbuilder.com) -->\n<div class=\"wp-grid-builder wpgb-grid-1\" data-options=\"{&quot;id&quot;:1,&quot;type&quot;:&quot;masonry&quot;,&quot;source&quot;:&quot;post_type&quot;,&quot;loader&quot;:false,&quot;layout&quot;:&quot;vertical&quot;,&quot;reveal&quot;:0,&quot;isMainQuery&quot;:0,&quot;lazyLoad&quot;:false,&quot;cardSizes&quot;:{&quot;9999&quot;:{&quot;columns&quot;:4,&quot;height&quot;:240,&quot;gutter&quot;:16,&quot;ratio&quot;:&quot;1.33333&quot;},&quot;1280&quot;:{&quot;columns&quot;:3,&quot;height&quot;:220,&quot;gutter&quot;:16,&quot;ratio&quot;:&quot;1.33333&quot;},&quot;1024&quot;:{&quot;columns&quot;:2,&quot;height&quot;:200,&quot;gutter&quot;:16,&quot;ratio&quot;:&quot;1.33333&quot;},&quot;640&quot;:{&quot;columns&quot;:1,&quot;height&quot;:200,&quot;gutter&quot;:16,&quot;ratio&quot;:&quot;1.33333&quot;}},&quot;fitRows&quot;:false,&quot;equalRows&quot;:0,&quot;equalColumns&quot;:true,&quot;fillLastRow&quot;:0,&quot;centerLastRow&quot;:0,&quot;horizontalOrder&quot;:false,&quot;fullWidth&quot;:false,&quot;transitionDelay&quot;:100,&quot;gallerySlideshow&quot;:false,&quot;rowsNumber&quot;:1,&quot;slideAlign&quot;:&quot;left&quot;,&quot;groupCells&quot;:1,&quot;draggable&quot;:true,&quot;initialIndex&quot;:0,&quot;contain&quot;:false,&quot;freeScroll&quot;:false,&quot;freeFriction&quot;:&quot;0.075&quot;,&quot;friction&quot;:&quot;0.285&quot;,&quot;attraction&quot;:&quot;0.025&quot;,&quot;autoPlay&quot;:0,&quot;pageDotAriaLabel&quot;:&quot;Page dot %d&quot;,&quot;isPreview&quot;:false,&quot;isGutenberg&quot;:false,&quot;rightToLeft&quot;:false}\"><div class=\"wpgb-svg-icons\" hidden>\n\t<svg viewBox=\"0 0 120 24\" width=\"0\" height=\"0\">\n\t<defs>\n        <polygon id=\"wpgb-star-svg\" points=\"12 2.5 15.1 8.8 22 9.8 17 14.6 18.2 21.5 12 18.3 5.8 21.5 7 14.6 2 9.8 8.9 8.8\"><\/polygon>\n    <\/defs>\n    <symbol id=\"wpgb-rating-stars-svg\">\n        <use xlink:href=\"#wpgb-star-svg\"><\/use>\n        <use xlink:href=\"#wpgb-star-svg\" x=\"24\"><\/use>\n        <use xlink:href=\"#wpgb-star-svg\" x=\"48\"><\/use>\n        <use xlink:href=\"#wpgb-star-svg\" x=\"72\"><\/use>\n        <use xlink:href=\"#wpgb-star-svg\" x=\"96\"><\/use>\n    <\/symbol>\n<\/svg>\n<\/div>\n<div class=\"wpgb-wrapper\">\n\t<div class=\"wpgb-main\">\n\t<div class=\"wpgb-layout\">\n\t<div class=\"wpgb-viewport\">\n\t\t<div class=\"wpgb-masonry\">\n\t\t\t<article class=\"wpgb-card wpgb-card-1 wpgb-post-2902\" data-col=\"1\" data-row=\"1\" data-format=\"standard\"><div class=\"wpgb-card-wrapper\"><div class=\"wpgb-card-inner\" data-action><div class=\"wpgb-card-media wpgb-scheme-light\"><svg data-ratio style=\"padding-top:100%\" viewBox=\"0 0 1 1\" aria-hidden=\"true\"><\/svg><div class=\"wpgb-card-media-thumbnail\"><a href=\"https:\/\/cogniquest.eu\/wp-content\/uploads\/2025\/11\/book-reader.jpg\" tabindex=\"-1\" class=\"wpgb-handle-lb wpgb-lightbox\" data-type=\"image\" data-rel=\"1\" data-title=\"book-reader\" title=\"Enlarge photo\"><div style=\"background-image:url(https:\/\/cogniquest.eu\/wp-content\/uploads\/2025\/11\/book-reader-768x432.jpg)\"><\/div><noscript><img loading=\"lazy\" decoding=\"async\" class=\"wpgb-noscript-img\" src=\"https:\/\/cogniquest.eu\/wp-content\/uploads\/2025\/11\/book-reader-768x432.jpg\" alt=\"\" height=\"432\" width=\"768\"><\/noscript><\/a><\/div><\/div><div class=\"wpgb-card-content wpgb-scheme-dark\"><div class=\"wpgb-card-body\"><time class=\"wpgb-block-2\" datetime=\"2025-11-28T10:05:00+00:00\">2025-11-28<\/time><h3 class=\"wpgb-block-1\">CogniQuest: Zamiana my\u015blenia w przygod\u0119 dla m\u0142odych uczni\u00f3w<\/h3><\/div><\/div><a class=\"wpgb-card-layer-link\" href=\"https:\/\/cogniquest.eu\/pl\/for-teachers\/blog\/cogniquest-zamiana-myslenia-w-przygode-dla-mlodych-uczniow\/\"><\/a><\/div><\/div><\/article><article class=\"wpgb-card wpgb-card-1 wpgb-post-2894\" data-col=\"1\" data-row=\"1\" data-format=\"standard\"><div class=\"wpgb-card-wrapper\"><div class=\"wpgb-card-inner\" data-action><div class=\"wpgb-card-media wpgb-scheme-light\"><svg data-ratio style=\"padding-top:100%\" viewBox=\"0 0 1 1\" aria-hidden=\"true\"><\/svg><div class=\"wpgb-card-media-thumbnail\"><a href=\"https:\/\/cogniquest.eu\/wp-content\/uploads\/2025\/11\/my-wings-of-dreams.png\" tabindex=\"-1\" class=\"wpgb-handle-lb wpgb-lightbox\" data-type=\"image\" data-rel=\"1\" data-title=\"my-wings-of-dreams\" title=\"Enlarge photo\"><div style=\"background-image:url(https:\/\/cogniquest.eu\/wp-content\/uploads\/2025\/11\/my-wings-of-dreams-768x543.png)\"><\/div><noscript><img loading=\"lazy\" decoding=\"async\" class=\"wpgb-noscript-img\" src=\"https:\/\/cogniquest.eu\/wp-content\/uploads\/2025\/11\/my-wings-of-dreams-768x543.png\" alt=\"\" height=\"543\" width=\"768\"><\/noscript><\/a><\/div><\/div><div class=\"wpgb-card-content wpgb-scheme-dark\"><div class=\"wpgb-card-body\"><time class=\"wpgb-block-2\" datetime=\"2025-11-05T09:55:00+00:00\">2025-11-05<\/time><h3 class=\"wpgb-block-1\">Jak \u201eSkrzyd\u0142a Ikara\u201d ucz\u0105 strategii uczenia si\u0119? \u2013 Pomys\u0142 na kr\u00f3tkie \u0107wiczenie dla uczni\u00f3w<\/h3><\/div><\/div><a class=\"wpgb-card-layer-link\" href=\"https:\/\/cogniquest.eu\/pl\/for-teachers\/blog\/jak-skrzydla-ikara-ucza-strategii-uczenia-sie-pomysl-na-krotkie-cwiczenie-dla-uczniow\/\"><\/a><\/div><\/div><\/article><article class=\"wpgb-card wpgb-card-1 wpgb-post-2884\" data-col=\"1\" data-row=\"1\" data-format=\"standard\"><div class=\"wpgb-card-wrapper\"><div class=\"wpgb-card-inner\" data-action><div class=\"wpgb-card-media wpgb-scheme-light\"><svg data-ratio style=\"padding-top:100%\" viewBox=\"0 0 1 1\" aria-hidden=\"true\"><\/svg><div class=\"wpgb-card-media-thumbnail\"><a href=\"https:\/\/cogniquest.eu\/wp-content\/uploads\/2025\/10\/flowchart.png\" tabindex=\"-1\" class=\"wpgb-handle-lb wpgb-lightbox\" data-type=\"image\" data-rel=\"1\" data-title=\"flowchart\" title=\"Enlarge photo\"><div style=\"background-image:url(https:\/\/cogniquest.eu\/wp-content\/uploads\/2025\/10\/flowchart-768x543.png)\"><\/div><noscript><img loading=\"lazy\" decoding=\"async\" class=\"wpgb-noscript-img\" src=\"https:\/\/cogniquest.eu\/wp-content\/uploads\/2025\/10\/flowchart-768x543.png\" alt=\"\" height=\"543\" width=\"768\"><\/noscript><\/a><\/div><\/div><div class=\"wpgb-card-content wpgb-scheme-dark\"><div class=\"wpgb-card-body\"><time class=\"wpgb-block-2\" datetime=\"2025-10-13T09:53:00+00:00\">2025-10-13<\/time><h3 class=\"wpgb-block-1\">Praktyczne narz\u0119dzia edukacyjne<\/h3><\/div><\/div><a class=\"wpgb-card-layer-link\" href=\"https:\/\/cogniquest.eu\/pl\/for-teachers\/blog\/praktyczne-narzedzia-edukacyjne\/\"><\/a><\/div><\/div><\/article><article class=\"wpgb-card wpgb-card-1 wpgb-post-2873\" data-col=\"1\" data-row=\"1\" data-format=\"standard\"><div class=\"wpgb-card-wrapper\"><div class=\"wpgb-card-inner\" data-action><div class=\"wpgb-card-media wpgb-scheme-light\"><svg data-ratio style=\"padding-top:100%\" viewBox=\"0 0 1 1\" aria-hidden=\"true\"><\/svg><div class=\"wpgb-card-media-thumbnail\"><a href=\"https:\/\/cogniquest.eu\/wp-content\/uploads\/2025\/09\/kid-at-shcool.jpg\" tabindex=\"-1\" class=\"wpgb-handle-lb wpgb-lightbox\" data-type=\"image\" data-rel=\"1\" data-title=\"kid-at-shcool\" title=\"Enlarge photo\"><div style=\"background-image:url(https:\/\/cogniquest.eu\/wp-content\/uploads\/2025\/09\/kid-at-shcool-768x511.jpg)\"><\/div><noscript><img loading=\"lazy\" decoding=\"async\" class=\"wpgb-noscript-img\" src=\"https:\/\/cogniquest.eu\/wp-content\/uploads\/2025\/09\/kid-at-shcool-768x511.jpg\" alt=\"\" height=\"511\" width=\"768\"><\/noscript><\/a><\/div><\/div><div class=\"wpgb-card-content wpgb-scheme-dark\"><div class=\"wpgb-card-body\"><time class=\"wpgb-block-2\" datetime=\"2025-09-22T09:46:00+00:00\">2025-09-22<\/time><h3 class=\"wpgb-block-1\">Praktyka refleksyjna w edukacji w szkole podstawowej: podstawy teoretyczne, korzy\u015bci i znaczenie<\/h3><\/div><\/div><a class=\"wpgb-card-layer-link\" href=\"https:\/\/cogniquest.eu\/pl\/for-teachers\/blog\/praktyka-refleksyjna-w-edukacji-w-szkole-podstawowej-podstawy-teoretyczne-korzysci-i-znaczenie\/\"><\/a><\/div><\/div><\/article><article class=\"wpgb-card wpgb-card-1 wpgb-post-2809\" data-col=\"1\" data-row=\"1\" data-format=\"standard\"><div class=\"wpgb-card-wrapper\"><div class=\"wpgb-card-inner\" data-action><div class=\"wpgb-card-media wpgb-scheme-light\"><svg data-ratio style=\"padding-top:100%\" viewBox=\"0 0 1 1\" aria-hidden=\"true\"><\/svg><div class=\"wpgb-card-media-thumbnail\"><a href=\"https:\/\/cogniquest.eu\/wp-content\/uploads\/2025\/12\/image1.png\" tabindex=\"-1\" class=\"wpgb-handle-lb wpgb-lightbox\" data-type=\"image\" data-rel=\"1\" data-title=\"image1\" title=\"Enlarge photo\"><div style=\"background-image:url(https:\/\/cogniquest.eu\/wp-content\/uploads\/2025\/12\/image1.png)\"><\/div><noscript><img loading=\"lazy\" decoding=\"async\" class=\"wpgb-noscript-img\" src=\"https:\/\/cogniquest.eu\/wp-content\/uploads\/2025\/12\/image1.png\" alt=\"\" height=\"508\" width=\"515\"><\/noscript><\/a><\/div><\/div><div class=\"wpgb-card-content wpgb-scheme-dark\"><div class=\"wpgb-card-body\"><time class=\"wpgb-block-2\" datetime=\"2025-09-03T12:01:00+00:00\">2025-09-03<\/time><h3 class=\"wpgb-block-1\">Tworzenie gry CogniQuest: Wprowadzenie do metapoznania poprzez zabaw\u0119<\/h3><\/div><\/div><a class=\"wpgb-card-layer-link\" href=\"https:\/\/cogniquest.eu\/pl\/for-teachers\/blog\/tworzenie-gry-cogniquest-wprowadzenie-do-metapoznania-poprzez-zabawe\/\"><\/a><\/div><\/div><\/article><article class=\"wpgb-card wpgb-card-1 wpgb-post-1354\" data-col=\"1\" data-row=\"1\" data-format=\"standard\"><div class=\"wpgb-card-wrapper\"><div class=\"wpgb-card-inner\" data-action><div class=\"wpgb-card-media wpgb-scheme-light\"><svg data-ratio style=\"padding-top:100%\" viewBox=\"0 0 1 1\" aria-hidden=\"true\"><\/svg><div class=\"wpgb-card-media-thumbnail\"><a href=\"https:\/\/cogniquest.eu\/wp-content\/uploads\/2025\/08\/9622376.jpg\" tabindex=\"-1\" class=\"wpgb-handle-lb wpgb-lightbox\" data-type=\"image\" data-rel=\"1\" data-title=\"9622376\" title=\"Enlarge photo\"><div style=\"background-image:url(https:\/\/cogniquest.eu\/wp-content\/uploads\/2025\/08\/9622376-768x768.jpg)\"><\/div><noscript><img loading=\"lazy\" decoding=\"async\" class=\"wpgb-noscript-img\" src=\"https:\/\/cogniquest.eu\/wp-content\/uploads\/2025\/08\/9622376-768x768.jpg\" alt=\"\" height=\"768\" width=\"768\"><\/noscript><\/a><\/div><\/div><div class=\"wpgb-card-content wpgb-scheme-dark\"><div class=\"wpgb-card-body\"><time class=\"wpgb-block-2\" datetime=\"2025-07-12T08:07:53+00:00\">2025-07-12<\/time><h3 class=\"wpgb-block-1\">Ksi\u0105\u017cki przygodowe w klasie: Odkrywanie potencja\u0142u metapoznawczego poprzez narracje o wyprawach<\/h3><\/div><\/div><a class=\"wpgb-card-layer-link\" href=\"https:\/\/cogniquest.eu\/pl\/for-teachers\/blog\/ksiazki-przygodowe-w-klasie-odkrywanie-potencjalu-metapoznawczego-poprzez-narracje-o-wyprawach\/\"><\/a><\/div><\/div><\/article><article class=\"wpgb-card wpgb-card-1 wpgb-post-1320\" data-col=\"1\" data-row=\"1\" data-format=\"standard\"><div class=\"wpgb-card-wrapper\"><div class=\"wpgb-card-inner\" data-action><div class=\"wpgb-card-media wpgb-scheme-light\"><svg data-ratio style=\"padding-top:100%\" viewBox=\"0 0 1 1\" aria-hidden=\"true\"><\/svg><div class=\"wpgb-card-media-thumbnail\"><a href=\"https:\/\/cogniquest.eu\/wp-content\/uploads\/2025\/07\/Picture-1-scaled.jpg\" tabindex=\"-1\" class=\"wpgb-handle-lb wpgb-lightbox\" data-type=\"image\" data-rel=\"1\" data-title=\"Picture 1\" title=\"Enlarge photo\"><div style=\"background-image:url(https:\/\/cogniquest.eu\/wp-content\/uploads\/2025\/07\/Picture-1-768x576.jpg)\"><\/div><noscript><img loading=\"lazy\" decoding=\"async\" class=\"wpgb-noscript-img\" src=\"https:\/\/cogniquest.eu\/wp-content\/uploads\/2025\/07\/Picture-1-768x576.jpg\" alt=\"\" height=\"576\" width=\"768\"><\/noscript><\/a><\/div><\/div><div class=\"wpgb-card-content wpgb-scheme-dark\"><div class=\"wpgb-card-body\"><time class=\"wpgb-block-2\" datetime=\"2025-05-29T07:46:35+00:00\">2025-05-29<\/time><h3 class=\"wpgb-block-1\">Odkryj \u015bwiat przyg\u00f3d i &#8230; sw\u00f3j w\u0142asny umys\u0142!<\/h3><\/div><\/div><a class=\"wpgb-card-layer-link\" href=\"https:\/\/cogniquest.eu\/pl\/for-teachers\/blog\/odkryj-swiat-przygod-i-swoj-wlasny-umysl\/\"><\/a><\/div><\/div><\/article><article class=\"wpgb-card wpgb-card-1 wpgb-post-974\" data-col=\"1\" data-row=\"1\" data-format=\"standard\"><div class=\"wpgb-card-wrapper\"><div class=\"wpgb-card-inner\" data-action><div class=\"wpgb-card-media wpgb-scheme-light\"><svg data-ratio style=\"padding-top:100%\" viewBox=\"0 0 1 1\" aria-hidden=\"true\"><\/svg><div class=\"wpgb-card-media-thumbnail\"><a href=\"https:\/\/cogniquest.eu\/wp-content\/uploads\/2025\/04\/fb7a69e6-fc44-4a18-b20d-6a2e56eb0781-scaled.jpg\" tabindex=\"-1\" class=\"wpgb-handle-lb wpgb-lightbox\" data-type=\"image\" data-rel=\"1\" data-title=\"Illustration of a person engaging in mental health activities with puzzle pieces and greenery\" data-desc=\"Two individuals are depicted working together, incorporating puzzle pieces into a stylized human head. The design highlights themes of mental health and personal growth, surrounded by plants.\" title=\"Enlarge photo\"><div style=\"background-image:url(https:\/\/cogniquest.eu\/wp-content\/uploads\/2025\/04\/fb7a69e6-fc44-4a18-b20d-6a2e56eb0781-768x512.jpg)\"><\/div><noscript><img loading=\"lazy\" decoding=\"async\" class=\"wpgb-noscript-img\" src=\"https:\/\/cogniquest.eu\/wp-content\/uploads\/2025\/04\/fb7a69e6-fc44-4a18-b20d-6a2e56eb0781-768x512.jpg\" alt=\"\" height=\"512\" width=\"768\"><\/noscript><\/a><\/div><\/div><div class=\"wpgb-card-content wpgb-scheme-dark\"><div class=\"wpgb-card-body\"><time class=\"wpgb-block-2\" datetime=\"2025-03-01T07:38:29+00:00\">2025-03-01<\/time><h3 class=\"wpgb-block-1\">Kr\u00f3tka historia metapoznania<\/h3><\/div><\/div><a class=\"wpgb-card-layer-link\" href=\"https:\/\/cogniquest.eu\/pl\/for-teachers\/blog\/krotka-historia-metapoznania\/\"><\/a><\/div><\/div><\/article><article class=\"wpgb-card wpgb-card-1 wpgb-post-943\" data-col=\"1\" data-row=\"1\" data-format=\"standard\"><div class=\"wpgb-card-wrapper\"><div class=\"wpgb-card-inner\" data-action><div class=\"wpgb-card-media wpgb-scheme-light\"><svg data-ratio style=\"padding-top:100%\" viewBox=\"0 0 1 1\" aria-hidden=\"true\"><\/svg><div class=\"wpgb-card-media-thumbnail\"><a href=\"https:\/\/cogniquest.eu\/wp-content\/uploads\/2025\/01\/paper-brain-with-chat-bubbles-scaled.jpg\" tabindex=\"-1\" class=\"wpgb-handle-lb wpgb-lightbox\" data-type=\"image\" data-rel=\"1\" data-title=\"paper-brain-with-chat-bubbles\" title=\"Enlarge photo\"><div style=\"background-image:url(https:\/\/cogniquest.eu\/wp-content\/uploads\/2025\/01\/paper-brain-with-chat-bubbles-768x768.jpg)\"><\/div><noscript><img loading=\"lazy\" decoding=\"async\" class=\"wpgb-noscript-img\" src=\"https:\/\/cogniquest.eu\/wp-content\/uploads\/2025\/01\/paper-brain-with-chat-bubbles-768x768.jpg\" alt=\"\" height=\"768\" width=\"768\"><\/noscript><\/a><\/div><\/div><div class=\"wpgb-card-content wpgb-scheme-dark\"><div class=\"wpgb-card-body\"><time class=\"wpgb-block-2\" datetime=\"2025-01-29T14:59:22+00:00\">2025-01-29<\/time><h3 class=\"wpgb-block-1\">Zastosowanie strategii metapoznawczych w pracy z uczniami<\/h3><\/div><\/div><a class=\"wpgb-card-layer-link\" href=\"https:\/\/cogniquest.eu\/pl\/for-teachers\/blog\/zastosowanie-strategii-metapoznawczych-w-pracy-z-uczniami\/\"><\/a><\/div><\/div><\/article><article class=\"wpgb-card wpgb-card-1 wpgb-post-892\" data-col=\"1\" data-row=\"1\" data-format=\"standard\"><div class=\"wpgb-card-wrapper\"><div class=\"wpgb-card-inner\" data-action><div class=\"wpgb-card-media wpgb-scheme-light\"><svg data-ratio style=\"padding-top:100%\" viewBox=\"0 0 1 1\" aria-hidden=\"true\"><\/svg><div class=\"wpgb-card-media-thumbnail\"><a href=\"https:\/\/cogniquest.eu\/wp-content\/uploads\/2024\/12\/image1.jpeg\" tabindex=\"-1\" class=\"wpgb-handle-lb wpgb-lightbox\" data-type=\"image\" data-rel=\"1\" data-title=\"image1\" title=\"Enlarge photo\"><div style=\"background-image:url(https:\/\/cogniquest.eu\/wp-content\/uploads\/2024\/12\/image1.jpeg)\"><\/div><noscript><img loading=\"lazy\" decoding=\"async\" class=\"wpgb-noscript-img\" src=\"https:\/\/cogniquest.eu\/wp-content\/uploads\/2024\/12\/image1.jpeg\" alt=\"\" height=\"260\" width=\"264\"><\/noscript><\/a><\/div><\/div><div class=\"wpgb-card-content wpgb-scheme-dark\"><div class=\"wpgb-card-body\"><time class=\"wpgb-block-2\" datetime=\"2024-09-04T08:46:16+00:00\">2024-09-04<\/time><h3 class=\"wpgb-block-1\">Czy uczniowie szk\u00f3\u0142 podstawowych s\u0105 przygotowani do rozwijania umiej\u0119tno\u015bci metapoznawczych?<\/h3><\/div><\/div><a class=\"wpgb-card-layer-link\" href=\"https:\/\/cogniquest.eu\/pl\/for-teachers\/blog\/czy-uczniowie-szkol-podstawowych-sa-przygotowani-do-rozwijania-umiejetnosci-metapoznawczych\/\"><\/a><\/div><\/div><\/article><article class=\"wpgb-card wpgb-card-1 wpgb-post-890\" data-col=\"1\" data-row=\"1\" data-format=\"standard\"><div class=\"wpgb-card-wrapper\"><div class=\"wpgb-card-inner\" data-action><div class=\"wpgb-card-media wpgb-scheme-light\"><svg data-ratio style=\"padding-top:100%\" viewBox=\"0 0 1 1\" aria-hidden=\"true\"><\/svg><div class=\"wpgb-card-media-thumbnail\"><a href=\"https:\/\/cogniquest.eu\/wp-content\/uploads\/2024\/11\/4038756.jpg\" tabindex=\"-1\" class=\"wpgb-handle-lb wpgb-lightbox\" data-type=\"image\" data-rel=\"1\" data-title=\"4038756\" title=\"Enlarge photo\"><div style=\"background-image:url(https:\/\/cogniquest.eu\/wp-content\/uploads\/2024\/11\/4038756-768x768.jpg)\"><\/div><noscript><img loading=\"lazy\" decoding=\"async\" class=\"wpgb-noscript-img\" src=\"https:\/\/cogniquest.eu\/wp-content\/uploads\/2024\/11\/4038756-768x768.jpg\" alt=\"\" height=\"768\" width=\"768\"><\/noscript><\/a><\/div><\/div><div class=\"wpgb-card-content wpgb-scheme-dark\"><div class=\"wpgb-card-body\"><time class=\"wpgb-block-2\" datetime=\"2024-06-25T15:27:23+00:00\">2024-06-25<\/time><h3 class=\"wpgb-block-1\">Uwolnij pot\u0119g\u0119 metapoznania: my\u015blenie o my\u015bleniu<\/h3><\/div><\/div><a class=\"wpgb-card-layer-link\" href=\"https:\/\/cogniquest.eu\/pl\/for-teachers\/blog\/uwolnij-potege-metapoznania-myslenie-o-mysleniu\/\"><\/a><\/div><\/div><\/article><article class=\"wpgb-card wpgb-card-1 wpgb-post-848\" data-col=\"1\" data-row=\"1\" data-format=\"standard\"><div class=\"wpgb-card-wrapper\"><div class=\"wpgb-card-inner\" data-action><div class=\"wpgb-card-media wpgb-scheme-light\"><svg data-ratio style=\"padding-top:100%\" viewBox=\"0 0 1 1\" aria-hidden=\"true\"><\/svg><div class=\"wpgb-card-media-thumbnail\"><a href=\"https:\/\/cogniquest.eu\/wp-content\/uploads\/2024\/11\/3081629-scaled.jpg\" tabindex=\"-1\" class=\"wpgb-handle-lb wpgb-lightbox\" data-type=\"image\" data-rel=\"1\" data-title=\"3081629\" title=\"Enlarge photo\"><div style=\"background-image:url(https:\/\/cogniquest.eu\/wp-content\/uploads\/2024\/11\/3081629-768x512.jpg)\"><\/div><noscript><img loading=\"lazy\" decoding=\"async\" class=\"wpgb-noscript-img\" src=\"https:\/\/cogniquest.eu\/wp-content\/uploads\/2024\/11\/3081629-768x512.jpg\" alt=\"\" height=\"512\" width=\"768\"><\/noscript><\/a><\/div><\/div><div class=\"wpgb-card-content wpgb-scheme-dark\"><div class=\"wpgb-card-body\"><time class=\"wpgb-block-2\" datetime=\"2024-03-14T11:18:02+00:00\">2024-03-14<\/time><h3 class=\"wpgb-block-1\">Projekt CogniQuest<\/h3><\/div><\/div><a class=\"wpgb-card-layer-link\" href=\"https:\/\/cogniquest.eu\/pl\/for-teachers\/blog\/projekt-cogniquest\/\"><\/a><\/div><\/div><\/article>\t\t<\/div>\n\t<\/div>\n\t<\/div>\n\t<\/div>\n\t\t<\/div>\n<\/div>\n[\/et_pb_code][et_pb_code _builder_version=&#8221;4.27.0&#8243; _module_preset=&#8221;default&#8221; width=&#8221;238px&#8221; height=&#8221;188px&#8221; title_text=&#8221;Forme 5 vert&#8221; background_image=&#8221;https:\/\/cogniquest.eu\/wp-content\/uploads\/2024\/08\/Forme-5-vert.png&#8221; background_size=&#8221;contain&#8221; hover_enabled=&#8221;0&#8243; sticky_enabled=&#8221;0&#8243; positioning=&#8221;absolute&#8221; position_origin_a=&#8221;top_right&#8221; horizontal_offset=&#8221;100%&#8221;][\/et_pb_code][et_pb_code _builder_version=&#8221;4.27.0&#8243; _module_preset=&#8221;default&#8221; width=&#8221;338px&#8221; height=&#8221;215px&#8221; title_text=&#8221;Forme 3 bleu&#8221; background_image=&#8221;https:\/\/cogniquest.eu\/wp-content\/uploads\/2024\/08\/Forme-3-bleu.png&#8221; background_size=&#8221;contain&#8221; hover_enabled=&#8221;0&#8243; sticky_enabled=&#8221;0&#8243; positioning=&#8221;absolute&#8221; horizontal_offset=&#8221;100%&#8221; vertical_offset=&#8221;300px&#8221; disabled_on=&#8221;on|on|on&#8221; disabled=&#8221;on&#8221;][\/et_pb_code][et_pb_code _builder_version=&#8221;4.27.0&#8243; _module_preset=&#8221;default&#8221; width=&#8221;224px&#8221; height=&#8221;250px&#8221; title_text=&#8221;Forme 7 rouge&#8221; background_image=&#8221;https:\/\/cogniquest.eu\/wp-content\/uploads\/2024\/06\/Forme-7-rouge.png&#8221; background_size=&#8221;contain&#8221; hover_enabled=&#8221;0&#8243; sticky_enabled=&#8221;0&#8243; positioning=&#8221;absolute&#8221; position_origin_a=&#8221;top_right&#8221; horizontal_offset=&#8221;100%&#8221; vertical_offset=&#8221;600px&#8221; disabled_on=&#8221;on|on|on&#8221; disabled=&#8221;on&#8221;][\/et_pb_code][\/et_pb_column][\/et_pb_row][\/et_pb_section]<\/p>\n","protected":false},"excerpt":{"rendered":"<p>[et_pb_section fb_built=&#8221;1&#8243; _builder_version=&#8221;4.27.0&#8243; _module_preset=&#8221;default&#8221; custom_padding=&#8221;||||false|false&#8221; locked=&#8221;off&#8221; collapsed=&#8221;off&#8221; global_colors_info=&#8221;{}&#8221;][et_pb_row _builder_version=&#8221;4.27.0&#8243; _module_preset=&#8221;default&#8221; global_colors_info=&#8221;{}&#8221;][et_pb_column type=&#8221;4_4&#8243; _builder_version=&#8221;4.27.0&#8243; _module_preset=&#8221;default&#8221; global_colors_info=&#8221;{}&#8221;][et_pb_post_title meta=&#8221;off&#8221; featured_image=&#8221;off&#8221; _builder_version=&#8221;4.27.0&#8243; _module_preset=&#8221;default&#8221; title_font=&#8221;||||||||&#8221; title_text_color=&#8221;#000000&#8243; title_font_size=&#8221;3.5em&#8221; global_colors_info=&#8221;{}&#8221;][\/et_pb_post_title][\/et_pb_column][\/et_pb_row][et_pb_row _builder_version=&#8221;4.27.0&#8243; _module_preset=&#8221;default&#8221; hover_enabled=&#8221;0&#8243; global_colors_info=&#8221;{}&#8221; sticky_enabled=&#8221;0&#8243;][et_pb_column type=&#8221;4_4&#8243; _builder_version=&#8221;4.27.0&#8243; _module_preset=&#8221;default&#8221; global_colors_info=&#8221;{}&#8221;][et_pb_code _builder_version=&#8221;4.27.0&#8243; _module_preset=&#8221;default&#8221; global_colors_info=&#8221;{}&#8221;][\/et_pb_code][et_pb_code _builder_version=&#8221;4.27.0&#8243; _module_preset=&#8221;default&#8221; width=&#8221;238px&#8221; height=&#8221;188px&#8221; title_text=&#8221;Forme 5 vert&#8221; background_image=&#8221;https:\/\/cogniquest.eu\/wp-content\/uploads\/2024\/08\/Forme-5-vert.png&#8221; background_size=&#8221;contain&#8221; hover_enabled=&#8221;0&#8243; sticky_enabled=&#8221;0&#8243; positioning=&#8221;absolute&#8221; position_origin_a=&#8221;top_right&#8221; horizontal_offset=&#8221;100%&#8221;][\/et_pb_code][et_pb_code _builder_version=&#8221;4.27.0&#8243; _module_preset=&#8221;default&#8221; width=&#8221;338px&#8221; height=&#8221;215px&#8221; title_text=&#8221;Forme 3 [&hellip;]<\/p>\n","protected":false},"author":1,"featured_media":0,"parent":727,"menu_order":0,"comment_status":"closed","ping_status":"closed","template":"","meta":{"_acf_changed":false,"_et_pb_use_builder":"on","_et_pb_old_content":"","_et_gb_content_width":"","footnotes":""},"class_list":["post-845","page","type-page","status-publish","hentry"],"acf":[],"_links":{"self":[{"href":"https:\/\/cogniquest.eu\/pl\/wp-json\/wp\/v2\/pages\/845","targetHints":{"allow":["GET"]}}],"collection":[{"href":"https:\/\/cogniquest.eu\/pl\/wp-json\/wp\/v2\/pages"}],"about":[{"href":"https:\/\/cogniquest.eu\/pl\/wp-json\/wp\/v2\/types\/page"}],"author":[{"embeddable":true,"href":"https:\/\/cogniquest.eu\/pl\/wp-json\/wp\/v2\/users\/1"}],"replies":[{"embeddable":true,"href":"https:\/\/cogniquest.eu\/pl\/wp-json\/wp\/v2\/comments?post=845"}],"version-history":[{"count":1,"href":"https:\/\/cogniquest.eu\/pl\/wp-json\/wp\/v2\/pages\/845\/revisions"}],"predecessor-version":[{"id":846,"href":"https:\/\/cogniquest.eu\/pl\/wp-json\/wp\/v2\/pages\/845\/revisions\/846"}],"up":[{"embeddable":true,"href":"https:\/\/cogniquest.eu\/pl\/wp-json\/wp\/v2\/pages\/727"}],"wp:attachment":[{"href":"https:\/\/cogniquest.eu\/pl\/wp-json\/wp\/v2\/media?parent=845"}],"curies":[{"name":"wp","href":"https:\/\/api.w.org\/{rel}","templated":true}]}}