{"id":739,"date":"2024-07-12T09:40:09","date_gmt":"2024-07-12T09:40:09","guid":{"rendered":"https:\/\/cogniquest.eu\/dla-nauczycieli\/partnerzy\/"},"modified":"2024-11-12T15:52:50","modified_gmt":"2024-11-12T15:52:50","slug":"partnerzy","status":"publish","type":"page","link":"https:\/\/cogniquest.eu\/pl\/dla-nauczycieli\/partnerzy\/","title":{"rendered":"Partnerzy"},"content":{"rendered":"<p>[et_pb_section fb_built=&#8221;1&#8243; _builder_version=&#8221;4.27.0&#8243; _module_preset=&#8221;default&#8221; custom_padding=&#8221;||||false|false&#8221; global_colors_info=&#8221;{}&#8221;][et_pb_row _builder_version=&#8221;4.27.0&#8243; _module_preset=&#8221;default&#8221; global_colors_info=&#8221;{}&#8221;][et_pb_column type=&#8221;4_4&#8243; _builder_version=&#8221;4.27.0&#8243; _module_preset=&#8221;default&#8221; global_colors_info=&#8221;{}&#8221;][et_pb_post_title meta=&#8221;off&#8221; featured_image=&#8221;off&#8221; _builder_version=&#8221;4.27.0&#8243; _module_preset=&#8221;default&#8221; title_font=&#8221;||||||||&#8221; title_text_color=&#8221;#000000&#8243; title_font_size=&#8221;3.5em&#8221; hover_enabled=&#8221;0&#8243; global_colors_info=&#8221;{}&#8221; sticky_enabled=&#8221;0&#8243;][\/et_pb_post_title][\/et_pb_column][\/et_pb_row][et_pb_row column_structure=&#8221;1_3,1_3,1_3&#8243; use_custom_gutter=&#8221;on&#8221; make_equal=&#8221;on&#8221; _builder_version=&#8221;4.27.0&#8243; _module_preset=&#8221;default&#8221; global_colors_info=&#8221;{}&#8221;][et_pb_column type=&#8221;1_3&#8243; _builder_version=&#8221;4.27.0&#8243; _module_preset=&#8221;default&#8221; global_colors_info=&#8221;{}&#8221;][et_pb_image src=&#8221;https:\/\/cogniquest.eu\/wp-content\/uploads\/2024\/08\/0-Logo_Apprimeurs_bleu.png&#8221; title_text=&#8221;0 &#8211; Logo_Apprimeurs_bleu&#8221; _builder_version=&#8221;4.27.0&#8243; _module_preset=&#8221;default&#8221; width=&#8221;250px&#8221; custom_margin=&#8221;||40px||false|false&#8221; global_colors_info=&#8221;{}&#8221;][\/et_pb_image][et_pb_text _builder_version=&#8221;4.27.0&#8243; _module_preset=&#8221;default&#8221; text_font=&#8221;|300|||||||&#8221; text_text_color=&#8221;#000000&#8243; text_font_size=&#8221;1em&#8221; header_2_text_color=&#8221;#000000&#8243; header_2_font_size=&#8221;1.8em&#8221; header_2_line_height=&#8221;1.2em&#8221; global_colors_info=&#8221;{}&#8221;]<\/p>\n<h2>Les Apprimeurs<\/h2>\n<p><strong>Francja<\/strong><\/p>\n<p>Les Apprimeurs to francuska firma specjalizuj\u0105ca si\u0119 w tworzeniu szytych na miar\u0119 rozwi\u0105za\u0144 cyfrowych dla sektora edukacji, kultury i szkole\u0144. Pracujemy nad promowaniem podstawowych i mi\u0119kkich umiej\u0119tno\u015bci oraz dost\u0119pu do wiedzy dla wszystkich poprzez szkolenia, warsztaty, interaktywne e-booki i rozw\u00f3j platform. <\/p>\n<p>[\/et_pb_text][et_pb_button button_url=&#8221;https:\/\/lesapprimeurs.com\/&#8221; url_new_window=&#8221;on&#8221; button_text=&#8221;Dowiedz si\u0119 wi\u0119cej&#8221; _builder_version=&#8221;4.27.0&#8243; _module_preset=&#8221;default&#8221; custom_button=&#8221;on&#8221; button_text_size=&#8221;1em&#8221; button_text_color=&#8221;#000000&#8243; button_bg_color=&#8221;#EB601C&#8221; button_border_width=&#8221;0px&#8221; button_border_color=&#8221;RGBA(255,255,255,0)&#8221; button_border_radius=&#8221;25px&#8221; button_letter_spacing=&#8221;0px&#8221; button_font=&#8221;Geologica||||||||&#8221; button_icon=&#8221;&#x45;||divi||400&#8243; button_icon_placement=&#8221;left&#8221; custom_padding=&#8221;|25px||25px|false|true&#8221; global_colors_info=&#8221;{}&#8221;][\/et_pb_button][\/et_pb_column][et_pb_column type=&#8221;1_3&#8243; _builder_version=&#8221;4.27.0&#8243; _module_preset=&#8221;default&#8221; global_colors_info=&#8221;{}&#8221;][et_pb_image src=&#8221;https:\/\/cogniquest.eu\/wp-content\/uploads\/2024\/08\/logo_Arsakeio.png&#8221; title_text=&#8221;logo_Arsakeio&#8221; _builder_version=&#8221;4.27.0&#8243; _module_preset=&#8221;default&#8221; width=&#8221;250px&#8221; max_height=&#8221;80px&#8221; custom_margin=&#8221;||40px||false|false&#8221; locked=&#8221;off&#8221; global_colors_info=&#8221;{}&#8221;][\/et_pb_image][et_pb_text _builder_version=&#8221;4.27.0&#8243; _module_preset=&#8221;default&#8221; text_font=&#8221;|300|||||||&#8221; text_text_color=&#8221;#000000&#8243; text_font_size=&#8221;1em&#8221; header_2_text_color=&#8221;#000000&#8243; header_2_font_size=&#8221;1.8em&#8221; header_2_line_height=&#8221;1.2em&#8221; locked=&#8221;off&#8221; global_colors_info=&#8221;{}&#8221;]<\/p>\n<h2>Arsakeio School of Patras<\/h2>\n<p><strong>Chorwacja<\/strong><\/p>\n<p>Osnovna \u0161kola Glina to szko\u0142a podstawowa dla uczni\u00f3w w wieku od 6 do 14 lat. Znajduje si\u0119 w mie\u015bcie Glina, ma\u0142ym miasteczku oddalonym o 70 km od Zagrzebia, stolicy Chorwacji. W szkole uczy si\u0119 442 uczni\u00f3w, a pracuje 55 nauczycieli<\/p>\n<p>[\/et_pb_text][et_pb_button button_url=&#8221;https:\/\/www.arsakeio.gr\/&#8221; url_new_window=&#8221;on&#8221; button_text=&#8221;Dowiedz si\u0119 wi\u0119cej&#8221; _builder_version=&#8221;4.27.0&#8243; _module_preset=&#8221;default&#8221; custom_button=&#8221;on&#8221; button_text_size=&#8221;1em&#8221; button_text_color=&#8221;#000000&#8243; button_bg_color=&#8221;#EB601C&#8221; button_border_width=&#8221;0px&#8221; button_border_color=&#8221;RGBA(255,255,255,0)&#8221; button_border_radius=&#8221;25px&#8221; button_letter_spacing=&#8221;0px&#8221; button_font=&#8221;Geologica||||||||&#8221; button_icon=&#8221;&#x45;||divi||400&#8243; button_icon_placement=&#8221;left&#8221; custom_padding=&#8221;|25px||25px|false|true&#8221; locked=&#8221;off&#8221; global_colors_info=&#8221;{}&#8221;][\/et_pb_button][\/et_pb_column][et_pb_column type=&#8221;1_3&#8243; _builder_version=&#8221;4.27.0&#8243; _module_preset=&#8221;default&#8221; global_colors_info=&#8221;{}&#8221;][et_pb_image src=&#8221;https:\/\/cogniquest.eu\/wp-content\/uploads\/2024\/08\/Logopsycom_transparent_black-e1724850068198.png&#8221; title_text=&#8221;Logopsycom_transparent_black&#8221; _builder_version=&#8221;4.27.0&#8243; _module_preset=&#8221;default&#8221; width=&#8221;150px&#8221; max_height=&#8221;90px&#8221; custom_margin=&#8221;||40px||false|false&#8221; locked=&#8221;off&#8221; global_colors_info=&#8221;{}&#8221;][\/et_pb_image][et_pb_text _builder_version=&#8221;4.27.0&#8243; _module_preset=&#8221;default&#8221; text_font=&#8221;|300|||||||&#8221; text_text_color=&#8221;#000000&#8243; text_font_size=&#8221;1em&#8221; header_2_text_color=&#8221;#000000&#8243; header_2_font_size=&#8221;1.8em&#8221; header_2_line_height=&#8221;1.2em&#8221; locked=&#8221;off&#8221; global_colors_info=&#8221;{}&#8221;]<\/p>\n<h2>Logopsycom<\/h2>\n<p><strong>Belgia<\/strong><\/p>\n<p>Logopsycom to centrum innowacji edukacyjnych, kt\u00f3re tworzy i wykorzystuje alternatywne metody i narz\u0119dzia (cyfrowe i inne), aby wspiera\u0107 szko\u0142y, centra kszta\u0142cenia zawodowego, organizacje edukacyjne, m\u0142odzie\u017c i rodzic\u00f3w. Zosta\u0142o pierwotnie za\u0142o\u017cone jako firma zajmuj\u0105ca si\u0119 opiek\u0105, specjalizuj\u0105ca si\u0119 w zaburzeniach uczenia si\u0119 w\u015br\u00f3d m\u0142odzie\u017cy, szczeg\u00f3lnie w zakresie \u201eDys\u201d (dyspraksja, dysfazja, dysleksja itp.), znanych r\u00f3wnie\u017c jako specyficzne zaburzenia uczenia si\u0119 (z ang. SLD), dlatego zawsze pracuje nad dost\u0119pno\u015bci\u0105 tre\u015bci. <\/p>\n<p>[\/et_pb_text][et_pb_button button_url=&#8221;https:\/\/logopsycom.com\/&#8221; url_new_window=&#8221;on&#8221; button_text=&#8221;Dowiedz si\u0119 wi\u0119cej&#8221; _builder_version=&#8221;4.27.0&#8243; _module_preset=&#8221;default&#8221; custom_button=&#8221;on&#8221; button_text_size=&#8221;1em&#8221; button_text_color=&#8221;#000000&#8243; button_bg_color=&#8221;#EB601C&#8221; button_border_width=&#8221;0px&#8221; button_border_color=&#8221;RGBA(255,255,255,0)&#8221; button_border_radius=&#8221;25px&#8221; button_letter_spacing=&#8221;0px&#8221; button_font=&#8221;Geologica||||||||&#8221; button_icon=&#8221;&#x45;||divi||400&#8243; button_icon_placement=&#8221;left&#8221; custom_padding=&#8221;|25px||25px|false|true&#8221; locked=&#8221;off&#8221; global_colors_info=&#8221;{}&#8221;][\/et_pb_button][\/et_pb_column][\/et_pb_row][et_pb_row column_structure=&#8221;1_3,1_3,1_3&#8243; use_custom_gutter=&#8221;on&#8221; make_equal=&#8221;on&#8221; _builder_version=&#8221;4.27.0&#8243; _module_preset=&#8221;default&#8221; locked=&#8221;off&#8221; global_colors_info=&#8221;{}&#8221;][et_pb_column type=&#8221;1_3&#8243; _builder_version=&#8221;4.27.0&#8243; _module_preset=&#8221;default&#8221; global_colors_info=&#8221;{}&#8221;][et_pb_image src=&#8221;https:\/\/cogniquest.eu\/wp-content\/uploads\/2024\/08\/Logo-Glina.jpeg&#8221; title_text=&#8221;Logo Glina&#8221; _builder_version=&#8221;4.27.0&#8243; _module_preset=&#8221;default&#8221; width=&#8221;180px&#8221; max_height=&#8221;100px&#8221; custom_margin=&#8221;||40px||false|false&#8221; global_colors_info=&#8221;{}&#8221;][\/et_pb_image][et_pb_text _builder_version=&#8221;4.27.0&#8243; _module_preset=&#8221;default&#8221; text_font=&#8221;|300|||||||&#8221; text_text_color=&#8221;#000000&#8243; text_font_size=&#8221;1em&#8221; header_2_text_color=&#8221;#000000&#8243; header_2_font_size=&#8221;1.8em&#8221; header_2_line_height=&#8221;1.2em&#8221; global_colors_info=&#8221;{}&#8221;]<\/p>\n<h2>Osnovna \u0161kola Glina<\/h2>\n<p><strong>Chorwacja<\/strong><\/p>\n<p>Osnovna \u0161kola Glina to szko\u0142a podstawowa dla uczni\u00f3w w wieku od 6 do 14 lat. Znajduje si\u0119 w mie\u015bcie Glina, ma\u0142ym miasteczku oddalonym o 70 km od Zagrzebia, stolicy Chorwacji. W szkole uczy si\u0119 442 uczni\u00f3w, a pracuje 55 nauczycieli  <\/p>\n<p>[\/et_pb_text][et_pb_button button_url=&#8221;http:\/\/www.os-glina.skole.hr\/&#8221; url_new_window=&#8221;on&#8221; button_text=&#8221;Dowiedz si\u0119 wi\u0119cej&#8221; _builder_version=&#8221;4.27.0&#8243; _module_preset=&#8221;default&#8221; custom_button=&#8221;on&#8221; button_text_size=&#8221;1em&#8221; button_text_color=&#8221;#000000&#8243; button_bg_color=&#8221;#EB601C&#8221; button_border_width=&#8221;0px&#8221; button_border_color=&#8221;RGBA(255,255,255,0)&#8221; button_border_radius=&#8221;25px&#8221; button_letter_spacing=&#8221;0px&#8221; button_font=&#8221;Geologica||||||||&#8221; button_icon=&#8221;&#x45;||divi||400&#8243; button_icon_placement=&#8221;left&#8221; custom_padding=&#8221;|25px||25px|false|true&#8221; global_colors_info=&#8221;{}&#8221;][\/et_pb_button][\/et_pb_column][et_pb_column type=&#8221;1_3&#8243; _builder_version=&#8221;4.27.0&#8243; _module_preset=&#8221;default&#8221; global_colors_info=&#8221;{}&#8221;][et_pb_image src=&#8221;https:\/\/cogniquest.eu\/wp-content\/uploads\/2024\/08\/Logo-Slupsk-e1724850527134.jpeg&#8221; title_text=&#8221;Logo Slupsk&#8221; _builder_version=&#8221;4.27.0&#8243; _module_preset=&#8221;default&#8221; width=&#8221;250px&#8221; max_height=&#8221;100px&#8221; custom_margin=&#8221;||40px||false|false&#8221; locked=&#8221;off&#8221; global_colors_info=&#8221;{}&#8221;][\/et_pb_image][et_pb_text _builder_version=&#8221;4.27.0&#8243; _module_preset=&#8221;default&#8221; text_font=&#8221;|300|||||||&#8221; text_text_color=&#8221;#000000&#8243; text_font_size=&#8221;1em&#8221; header_2_text_color=&#8221;#000000&#8243; header_2_font_size=&#8221;1.8em&#8221; header_2_line_height=&#8221;1.2em&#8221; locked=&#8221;off&#8221; global_colors_info=&#8221;{}&#8221;]<\/p>\n<h2>Pomorski Osrodek Doskonalenia Nauczycieli w Slupsku<\/h2>\n<p><strong>Polska<\/strong><\/p>\n<p>Celem Pomorskiego O\u015brodka Doskonalenia Nauczycieli w S\u0142upsku jest aktywne uczestnictwo w procesie rozwoju pomorskiej edukacji poprzez wzmacnianie kompetencji zawodowych dyrektor\u00f3w i nauczycieli oraz wspieranie rozwoju pomorskich szk\u00f3\u0142 i instytucji edukacyjnych. Wdra\u017camy nowe oraz wzmacniamy sprawdzone rozwi\u0105zania w zakresie edukacji, opieki i wychowania oraz zarz\u0105dzania; tworzymy mo\u017cliwo\u015bci do rozwoju i wzbogacania umiej\u0119tno\u015bci, wiedzy oraz kszta\u0142towania postaw dyrektor\u00f3w i nauczycieli pomorskich szk\u00f3\u0142 i instytucji edukacyjnych <\/p>\n<p>[\/et_pb_text][et_pb_button button_url=&#8221;https:\/\/www.odn.slupsk.pl\/&#8221; url_new_window=&#8221;on&#8221; button_text=&#8221;Dowiedz si\u0119 wi\u0119cej&#8221; _builder_version=&#8221;4.27.0&#8243; _module_preset=&#8221;default&#8221; custom_button=&#8221;on&#8221; button_text_size=&#8221;1em&#8221; button_text_color=&#8221;#000000&#8243; button_bg_color=&#8221;#EB601C&#8221; button_border_width=&#8221;0px&#8221; button_border_color=&#8221;RGBA(255,255,255,0)&#8221; button_border_radius=&#8221;25px&#8221; button_letter_spacing=&#8221;0px&#8221; button_font=&#8221;Geologica||||||||&#8221; button_icon=&#8221;&#x45;||divi||400&#8243; button_icon_placement=&#8221;left&#8221; custom_padding=&#8221;|25px||25px|false|true&#8221; locked=&#8221;off&#8221; global_colors_info=&#8221;{}&#8221;][\/et_pb_button][\/et_pb_column][et_pb_column type=&#8221;1_3&#8243; _builder_version=&#8221;4.27.0&#8243; _module_preset=&#8221;default&#8221; global_colors_info=&#8221;{}&#8221;][\/et_pb_column][\/et_pb_row][\/et_pb_section]<\/p>\n","protected":false},"excerpt":{"rendered":"<p>Les Apprimeurs Francja Les Apprimeurs to francuska firma specjalizuj\u0105ca si\u0119 w tworzeniu szytych na miar\u0119 rozwi\u0105za\u0144 cyfrowych dla sektora edukacji, kultury i szkole\u0144. Pracujemy nad promowaniem podstawowych i mi\u0119kkich umiej\u0119tno\u015bci oraz dost\u0119pu do wiedzy dla wszystkich poprzez szkolenia, warsztaty, interaktywne e-booki i rozw\u00f3j platform. Arsakeio School of Patras Chorwacja Osnovna \u0161kola Glina to szko\u0142a podstawowa [&hellip;]<\/p>\n","protected":false},"author":2,"featured_media":0,"parent":727,"menu_order":0,"comment_status":"closed","ping_status":"closed","template":"","meta":{"_acf_changed":false,"_et_pb_use_builder":"on","_et_pb_old_content":"","_et_gb_content_width":"","footnotes":""},"class_list":["post-739","page","type-page","status-publish","hentry"],"acf":[],"_links":{"self":[{"href":"https:\/\/cogniquest.eu\/pl\/wp-json\/wp\/v2\/pages\/739","targetHints":{"allow":["GET"]}}],"collection":[{"href":"https:\/\/cogniquest.eu\/pl\/wp-json\/wp\/v2\/pages"}],"about":[{"href":"https:\/\/cogniquest.eu\/pl\/wp-json\/wp\/v2\/types\/page"}],"author":[{"embeddable":true,"href":"https:\/\/cogniquest.eu\/pl\/wp-json\/wp\/v2\/users\/2"}],"replies":[{"embeddable":true,"href":"https:\/\/cogniquest.eu\/pl\/wp-json\/wp\/v2\/comments?post=739"}],"version-history":[{"count":2,"href":"https:\/\/cogniquest.eu\/pl\/wp-json\/wp\/v2\/pages\/739\/revisions"}],"predecessor-version":[{"id":741,"href":"https:\/\/cogniquest.eu\/pl\/wp-json\/wp\/v2\/pages\/739\/revisions\/741"}],"up":[{"embeddable":true,"href":"https:\/\/cogniquest.eu\/pl\/wp-json\/wp\/v2\/pages\/727"}],"wp:attachment":[{"href":"https:\/\/cogniquest.eu\/pl\/wp-json\/wp\/v2\/media?parent=739"}],"curies":[{"name":"wp","href":"https:\/\/api.w.org\/{rel}","templated":true}]}}