{"id":712,"date":"2024-07-12T09:39:44","date_gmt":"2024-07-12T09:39:44","guid":{"rendered":"https:\/\/cogniquest.eu\/projekt\/"},"modified":"2024-11-12T15:38:03","modified_gmt":"2024-11-12T15:38:03","slug":"projekt","status":"publish","type":"page","link":"https:\/\/cogniquest.eu\/pl\/dla-nauczycieli\/projekt\/","title":{"rendered":"Projekt"},"content":{"rendered":"<p>[et_pb_section fb_built=&#8221;1&#8243; _builder_version=&#8221;4.27.0&#8243; _module_preset=&#8221;default&#8221; custom_padding=&#8221;||||false|false&#8221; global_colors_info=&#8221;{}&#8221; theme_builder_area=&#8221;post_content&#8221;][et_pb_row _builder_version=&#8221;4.27.0&#8243; _module_preset=&#8221;default&#8221; global_colors_info=&#8221;{}&#8221; theme_builder_area=&#8221;post_content&#8221;][et_pb_column type=&#8221;4_4&#8243; _builder_version=&#8221;4.27.0&#8243; _module_preset=&#8221;default&#8221; global_colors_info=&#8221;{}&#8221; theme_builder_area=&#8221;post_content&#8221;][et_pb_post_title meta=&#8221;off&#8221; featured_image=&#8221;off&#8221; _builder_version=&#8221;4.27.0&#8243; _module_preset=&#8221;default&#8221; title_font=&#8221;||||||||&#8221; title_text_color=&#8221;#000000&#8243; title_font_size=&#8221;3.5em&#8221; hover_enabled=&#8221;0&#8243; global_colors_info=&#8221;{}&#8221; theme_builder_area=&#8221;post_content&#8221; sticky_enabled=&#8221;0&#8243;][\/et_pb_post_title][\/et_pb_column][\/et_pb_row][et_pb_row column_structure=&#8221;3_5,2_5&#8243; use_custom_gutter=&#8221;on&#8221; make_equal=&#8221;on&#8221; _builder_version=&#8221;4.27.0&#8243; _module_preset=&#8221;default&#8221; locked=&#8221;off&#8221; global_colors_info=&#8221;{}&#8221; theme_builder_area=&#8221;post_content&#8221;][et_pb_column type=&#8221;3_5&#8243; _builder_version=&#8221;4.27.0&#8243; _module_preset=&#8221;default&#8221; global_colors_info=&#8221;{}&#8221; theme_builder_area=&#8221;post_content&#8221;][et_pb_text _builder_version=&#8221;4.27.0&#8243; _module_preset=&#8221;default&#8221; text_font=&#8221;|300|||||||&#8221; text_text_color=&#8221;#000000&#8243; text_font_size=&#8221;1em&#8221; header_2_text_color=&#8221;#000000&#8243; header_2_font_size=&#8221;1.8em&#8221; header_2_line_height=&#8221;1.2em&#8221; hover_enabled=&#8221;0&#8243; global_colors_info=&#8221;{}&#8221; theme_builder_area=&#8221;post_content&#8221; sticky_enabled=&#8221;0&#8243;]<\/p>\n<p>Projekt CogniQuest wynika z pragnienia pomocy uczniom w rozwijaniu ich umiej\u0119tno\u015bci metapoznawczych przy aktywnym udziale nauczycieli i profesjonalist\u00f3w w dziedzinie edukacji. Metapoznanie obejmuje refleksj\u0119 nad procesem uczenia si\u0119 oraz jego monitorowanie, co jest kluczowe dla efektywnego uczenia si\u0119 i krytycznego my\u015blenia. Wyposa\u017caj\u0105c uczni\u00f3w w strategie metapoznawcze, umo\u017cliwiamy im stawanie si\u0119 <strong>samodzielnymi uczniami<\/strong>, co ostatecznie poprawia ich wyniki akademickie i samopoczucie.  <\/p>\n<p>Badania pokazuj\u0105, \u017ce nauczanie metapoznania w klasie <strong>pozytywnie wp\u0142ywa na osi\u0105gni\u0119cia uczni\u00f3w i wspiera kluczowe kompetencje<\/strong> ustalone przez Rad\u0119 Unii Europejskiej. Projekt ten dostarczy nauczycielom gotowych do u\u017cycia zasob\u00f3w i materia\u0142\u00f3w, pomagaj\u0105c im w integrowaniu strategii metapoznawczych w swoich klasach. Nauczyciele odegraj\u0105 kluczow\u0105 rol\u0119 w u\u0142atwianiu rozwoju tych umiej\u0119tno\u015bci, zapewniaj\u0105c uczniom mo\u017cliwo\u015b\u0107 odkrywania w\u0142asnych metod i rutyn uczenia si\u0119.  <\/p>\n<p>Zasoby projektu obejmuj\u0105<\/p>\n<ul>\n<li>4 przewodniki edukacyjne dla nauczycieli,<\/li>\n<li>10 ksi\u0105\u017ceczek przygodowych dla uczni\u00f3w,<\/li>\n<li>oraz kompleksowy zestaw narz\u0119dzi zawieraj\u0105cy 60 narz\u0119dzi i metod refleksyjnych.<\/li>\n<\/ul>\n<p>Poprzez zrozumienie i docenienie r\u00f3\u017cnych sposob\u00f3w uczenia si\u0119, uczniowie mog\u0105 budowa\u0107 pewno\u015b\u0107 siebie i zmniejsza\u0107 ryzyko przedwczesnego porzucenia szko\u0142y. Takie podej\u015bcie nie tylko poprawia wyniki akademickie, ale tak\u017ce przygotowuje uczni\u00f3w do przysz\u0142ego sukcesu na szybko zmieniaj\u0105cym si\u0119 rynku pracy. <\/p>\n<p>Integruj\u0105c strategie metapoznawcze w edukacji, d\u0105\u017cymy do zwi\u0119kszenia inkluzyjno\u015bci i dost\u0119pno\u015bci w nabywaniu umiej\u0119tno\u015bci uczenia si\u0119 jak si\u0119 uczy\u0107.<\/p>\n<p>[\/et_pb_text][\/et_pb_column][et_pb_column type=&#8221;2_5&#8243; _builder_version=&#8221;4.27.0&#8243; _module_preset=&#8221;default&#8221; global_colors_info=&#8221;{}&#8221; theme_builder_area=&#8221;post_content&#8221;][et_pb_image src=&#8221;https:\/\/cogniquest.eu\/wp-content\/uploads\/2024\/07\/Groupe-642.png&#8221; title_text=&#8221;Groupe 642&#8243; _builder_version=&#8221;4.27.0&#8243; _module_preset=&#8221;default&#8221; custom_margin=&#8221;||40px||false|false&#8221; hover_enabled=&#8221;0&#8243; global_colors_info=&#8221;{}&#8221; theme_builder_area=&#8221;post_content&#8221; sticky_enabled=&#8221;0&#8243;][\/et_pb_image][\/et_pb_column][\/et_pb_row][\/et_pb_section]<\/p>\n","protected":false},"excerpt":{"rendered":"<p>Projekt CogniQuest wynika z pragnienia pomocy uczniom w rozwijaniu ich umiej\u0119tno\u015bci metapoznawczych przy aktywnym udziale nauczycieli i profesjonalist\u00f3w w dziedzinie edukacji. Metapoznanie obejmuje refleksj\u0119 nad procesem uczenia si\u0119 oraz jego monitorowanie, co jest kluczowe dla efektywnego uczenia si\u0119 i krytycznego my\u015blenia. Wyposa\u017caj\u0105c uczni\u00f3w w strategie metapoznawcze, umo\u017cliwiamy im stawanie si\u0119 samodzielnymi uczniami, co ostatecznie poprawia [&hellip;]<\/p>\n","protected":false},"author":2,"featured_media":0,"parent":727,"menu_order":0,"comment_status":"closed","ping_status":"closed","template":"","meta":{"_acf_changed":false,"_et_pb_use_builder":"on","_et_pb_old_content":"","_et_gb_content_width":"","footnotes":""},"class_list":["post-712","page","type-page","status-publish","hentry"],"acf":[],"_links":{"self":[{"href":"https:\/\/cogniquest.eu\/pl\/wp-json\/wp\/v2\/pages\/712","targetHints":{"allow":["GET"]}}],"collection":[{"href":"https:\/\/cogniquest.eu\/pl\/wp-json\/wp\/v2\/pages"}],"about":[{"href":"https:\/\/cogniquest.eu\/pl\/wp-json\/wp\/v2\/types\/page"}],"author":[{"embeddable":true,"href":"https:\/\/cogniquest.eu\/pl\/wp-json\/wp\/v2\/users\/2"}],"replies":[{"embeddable":true,"href":"https:\/\/cogniquest.eu\/pl\/wp-json\/wp\/v2\/comments?post=712"}],"version-history":[{"count":2,"href":"https:\/\/cogniquest.eu\/pl\/wp-json\/wp\/v2\/pages\/712\/revisions"}],"predecessor-version":[{"id":714,"href":"https:\/\/cogniquest.eu\/pl\/wp-json\/wp\/v2\/pages\/712\/revisions\/714"}],"up":[{"embeddable":true,"href":"https:\/\/cogniquest.eu\/pl\/wp-json\/wp\/v2\/pages\/727"}],"wp:attachment":[{"href":"https:\/\/cogniquest.eu\/pl\/wp-json\/wp\/v2\/media?parent=712"}],"curies":[{"name":"wp","href":"https:\/\/api.w.org\/{rel}","templated":true}]}}