{"id":757,"date":"2024-07-12T09:40:24","date_gmt":"2024-07-12T09:40:24","guid":{"rendered":"https:\/\/cogniquest.eu\/za-ucitelje\/nasi-prirucnici\/"},"modified":"2025-12-11T15:10:47","modified_gmt":"2025-12-11T15:10:47","slug":"nasi-prirucnici","status":"publish","type":"page","link":"https:\/\/cogniquest.eu\/hr\/za-ucitelje\/nasi-prirucnici\/","title":{"rendered":"Na\u0161i priru\u010dnici"},"content":{"rendered":"<p>[et_pb_section fb_built=&#8221;1&#8243; _builder_version=&#8221;4.27.0&#8243; _module_preset=&#8221;default&#8221; custom_padding=&#8221;||||false|false&#8221; global_colors_info=&#8221;{}&#8221;][et_pb_row _builder_version=&#8221;4.27.0&#8243; _module_preset=&#8221;default&#8221; global_colors_info=&#8221;{}&#8221;][et_pb_column type=&#8221;4_4&#8243; _builder_version=&#8221;4.27.0&#8243; _module_preset=&#8221;default&#8221; global_colors_info=&#8221;{}&#8221;][et_pb_post_title meta=&#8221;off&#8221; featured_image=&#8221;off&#8221; _builder_version=&#8221;4.27.0&#8243; _module_preset=&#8221;default&#8221; title_font=&#8221;||||||||&#8221; title_text_color=&#8221;#000000&#8243; title_font_size=&#8221;3.5em&#8221; global_colors_info=&#8221;{}&#8221;][\/et_pb_post_title][\/et_pb_column][\/et_pb_row][et_pb_row column_structure=&#8221;1_2,1_2&#8243; _builder_version=&#8221;4.27.0&#8243; _module_preset=&#8221;default&#8221; global_colors_info=&#8221;{}&#8221;][et_pb_column type=&#8221;1_2&#8243; _builder_version=&#8221;4.27.0&#8243; _module_preset=&#8221;default&#8221; background_color=&#8221;#EB601C&#8221; background_image=&#8221;https:\/\/cogniquest.eu\/wp-content\/uploads\/2024\/08\/Groupe-623.png&#8221; background_size=&#8221;custom&#8221; background_image_width=&#8221;30%&#8221; background_position=&#8221;top_right&#8221; background_horizontal_offset=&#8221;3%&#8221; background_vertical_offset=&#8221;9%&#8221; global_colors_info=&#8221;{}&#8221;][et_pb_image src=&#8221;https:\/\/cogniquest.eu\/wp-content\/uploads\/2025\/05\/teacher-guide_hr-scaled.jpg&#8221; title_text=&#8221;teacher-guide_hr&#8221; url=&#8221;https:\/\/cogniquest.eu\/wp-content\/uploads\/2025\/05\/Cogniquest_Teaching-Guide_HR.pdf&#8221; url_new_window=&#8221;on&#8221; show_bottom_space=&#8221;off&#8221; align=&#8221;center&#8221; _builder_version=&#8221;4.27.4&#8243; _module_preset=&#8221;default&#8221; background_enable_color=&#8221;off&#8221; width=&#8221;60%&#8221; module_alignment=&#8221;center&#8221; custom_margin=&#8221;30px||30px||true|false&#8221; box_shadow_style=&#8221;preset2&#8243; box_shadow_horizontal=&#8221;15px&#8221; global_colors_info=&#8221;{}&#8221;][\/et_pb_image][et_pb_button button_url=&#8221;https:\/\/cogniquest.eu\/wp-content\/uploads\/2025\/05\/Cogniquest_Teaching-Guide_HR.pdf&#8221; url_new_window=&#8221;on&#8221; button_text=&#8221;Preuzmi datoteke&#8221; _builder_version=&#8221;4.27.4&#8243; _module_preset=&#8221;default&#8221; custom_button=&#8221;on&#8221; button_text_size=&#8221;1em&#8221; button_text_color=&#8221;#000000&#8243; button_bg_color=&#8221;#FFFFFF&#8221; button_border_width=&#8221;0px&#8221; button_border_radius=&#8221;25px&#8221; button_use_icon=&#8221;off&#8221; positioning=&#8221;absolute&#8221; position_origin_f=&#8221;center_center&#8221; vertical_offset=&#8221;15px&#8221; horizontal_offset=&#8221;15px&#8221; custom_padding=&#8221;|25px||25px|false|true&#8221; global_colors_info=&#8221;{}&#8221;][\/et_pb_button][et_pb_text _builder_version=&#8221;4.27.0&#8243; _module_preset=&#8221;default&#8221; text_font=&#8221;|300|||||||&#8221; text_text_color=&#8221;#000000&#8243; text_font_size=&#8221;1em&#8221; header_2_text_color=&#8221;#000000&#8243; header_2_font_size=&#8221;1.8em&#8221; header_2_line_height=&#8221;1.5em&#8221; background_color=&#8221;#FFFFFF&#8221; custom_margin=&#8221;||||false|false&#8221; custom_padding=&#8221;30px||||false|false&#8221; global_colors_info=&#8221;{}&#8221;]<\/p>\n<h2>Pedago\u0161ki priru\u010dnik<\/h2>\n<p>Ovaj teorijski priru\u010dnik promi\u010de va\u017enost metakognitivnih strategija u obrazovanju, poma\u017eu\u0107i u\u010diteljima da razumiju razli\u010dite putove u\u010denja i zna\u010daj prilago\u0111enih individualnih procesa u\u010denja za pove\u0107anu produktivnost i u\u010dinkovitost.<\/p>\n<p>[\/et_pb_text][\/et_pb_column][et_pb_column type=&#8221;1_2&#8243; _builder_version=&#8221;4.27.0&#8243; _module_preset=&#8221;default&#8221; background_color=&#8221;#325EA9&#8243; background_image=&#8221;https:\/\/cogniquest.eu\/wp-content\/uploads\/2024\/08\/Groupe-623.png&#8221; background_size=&#8221;custom&#8221; background_image_width=&#8221;30%&#8221; background_position=&#8221;top_left&#8221; background_horizontal_offset=&#8221;3%&#8221; background_vertical_offset=&#8221;57%&#8221; global_colors_info=&#8221;{}&#8221;][et_pb_image src=&#8221;https:\/\/cogniquest.eu\/wp-content\/uploads\/2025\/07\/practical-guide_hr.jpg&#8221; title_text=&#8221;practical-guide_hr&#8221; url=&#8221;https:\/\/cogniquest.eu\/wp-content\/uploads\/2025\/07\/Cogniquest_Practical-Guide_HR.pdf&#8221; url_new_window=&#8221;on&#8221; show_bottom_space=&#8221;off&#8221; align=&#8221;center&#8221; _builder_version=&#8221;4.27.4&#8243; _module_preset=&#8221;default&#8221; background_enable_color=&#8221;off&#8221; width=&#8221;60%&#8221; module_alignment=&#8221;center&#8221; custom_margin=&#8221;30px||30px||true|false&#8221; box_shadow_style=&#8221;preset2&#8243; box_shadow_horizontal=&#8221;15px&#8221; global_colors_info=&#8221;{}&#8221;][\/et_pb_image][et_pb_button button_url=&#8221;https:\/\/cogniquest.eu\/wp-content\/uploads\/2025\/07\/Cogniquest_Practical-Guide_HR.pdf&#8221; url_new_window=&#8221;on&#8221; button_text=&#8221;Preuzmi datoteke&#8221; _builder_version=&#8221;4.27.4&#8243; _module_preset=&#8221;default&#8221; custom_button=&#8221;on&#8221; button_text_size=&#8221;1em&#8221; button_text_color=&#8221;#000000&#8243; button_bg_color=&#8221;#FFFFFF&#8221; button_border_width=&#8221;0px&#8221; button_border_radius=&#8221;25px&#8221; button_use_icon=&#8221;off&#8221; positioning=&#8221;absolute&#8221; position_origin_f=&#8221;center_center&#8221; vertical_offset=&#8221;15px&#8221; horizontal_offset=&#8221;15px&#8221; custom_padding=&#8221;|25px||25px|false|true&#8221; global_colors_info=&#8221;{}&#8221;][\/et_pb_button][et_pb_text _builder_version=&#8221;4.27.0&#8243; _module_preset=&#8221;default&#8221; text_font=&#8221;|300|||||||&#8221; text_text_color=&#8221;#000000&#8243; text_font_size=&#8221;1em&#8221; header_2_text_color=&#8221;#000000&#8243; header_2_font_size=&#8221;1.8em&#8221; header_2_line_height=&#8221;1.5em&#8221; background_color=&#8221;#FFFFFF&#8221; custom_margin=&#8221;||||false|false&#8221; custom_padding=&#8221;30px||||false|false&#8221; global_colors_info=&#8221;{}&#8221;]<\/p>\n<h2>Prakti\u010dni priru\u010dnik<\/h2>\n<p>Prakti\u010dni priru\u010dnik pru\u017ea u\u010diteljima i stru\u010dnjacima prakti\u010dne metode i metakognitivne strategije u u\u010dionici za podr\u0161ku u\u010diteljima i obrazovnim stru\u010dnjacima u poticanju uspje\u0161nijih i neovisnijih u\u010denika.<\/p>\n<p>[\/et_pb_text][\/et_pb_column][\/et_pb_row][et_pb_row column_structure=&#8221;1_2,1_2&#8243; _builder_version=&#8221;4.27.0&#8243; _module_preset=&#8221;default&#8221; global_colors_info=&#8221;{}&#8221;][et_pb_column type=&#8221;1_2&#8243; _builder_version=&#8221;4.27.0&#8243; _module_preset=&#8221;default&#8221; background_color=&#8221;#41AD4B&#8221; background_image=&#8221;https:\/\/cogniquest.eu\/wp-content\/uploads\/2024\/09\/Fichier-1.png&#8221; background_size=&#8221;custom&#8221; background_image_width=&#8221;30%&#8221; background_position=&#8221;top_left&#8221; background_horizontal_offset=&#8221;11%&#8221; background_vertical_offset=&#8221;44%&#8221; global_colors_info=&#8221;{}&#8221;][et_pb_image src=&#8221;https:\/\/cogniquest.eu\/wp-content\/uploads\/2025\/06\/creation-guide_hr-3.jpg&#8221; title_text=&#8221;creation-guide_hr&#8221; url=&#8221;https:\/\/cogniquest.eu\/wp-content\/uploads\/2025\/06\/Cogniquest_Creation-Guide_HR.pdf&#8221; url_new_window=&#8221;on&#8221; show_bottom_space=&#8221;off&#8221; align=&#8221;center&#8221; _builder_version=&#8221;4.27.4&#8243; _module_preset=&#8221;default&#8221; background_enable_color=&#8221;off&#8221; width=&#8221;60%&#8221; module_alignment=&#8221;center&#8221; custom_margin=&#8221;30px||30px||true|false&#8221; box_shadow_style=&#8221;preset2&#8243; box_shadow_horizontal=&#8221;15px&#8221; global_colors_info=&#8221;{}&#8221;][\/et_pb_image][et_pb_button button_url=&#8221;https:\/\/cogniquest.eu\/wp-content\/uploads\/2025\/06\/Cogniquest_Creation-Guide_HR.pdf&#8221; url_new_window=&#8221;on&#8221; button_text=&#8221;Preuzmi datoteke&#8221; _builder_version=&#8221;4.27.4&#8243; _module_preset=&#8221;default&#8221; custom_button=&#8221;on&#8221; button_text_size=&#8221;1em&#8221; button_text_color=&#8221;#000000&#8243; button_bg_color=&#8221;#FFFFFF&#8221; button_border_width=&#8221;0px&#8221; button_border_radius=&#8221;25px&#8221; button_use_icon=&#8221;off&#8221; positioning=&#8221;absolute&#8221; position_origin_f=&#8221;center_center&#8221; vertical_offset=&#8221;15px&#8221; horizontal_offset=&#8221;15px&#8221; custom_padding=&#8221;|25px||25px|false|true&#8221; global_colors_info=&#8221;{}&#8221;][\/et_pb_button][et_pb_text _builder_version=&#8221;4.27.0&#8243; _module_preset=&#8221;default&#8221; text_font=&#8221;|300|||||||&#8221; text_text_color=&#8221;#000000&#8243; text_font_size=&#8221;1em&#8221; header_2_text_color=&#8221;#000000&#8243; header_2_font_size=&#8221;1.8em&#8221; header_2_line_height=&#8221;1.5em&#8221; background_color=&#8221;#FFFFFF&#8221; custom_margin=&#8221;||||false|false&#8221; custom_padding=&#8221;30px||||false|false&#8221; global_colors_info=&#8221;{}&#8221;]<\/p>\n<h2>Priru\u010dnik za izradu<\/h2>\n<p>Priru\u010dnik za izradu pru\u017ea bolje razumijevanje razvoja inkluzivnih alata za u\u010denje koji se temelje na igrama, a pru\u017ea podr\u0161ku profesionalcima u proizvodnji i prilagodbi postoje\u0107ih alata.<\/p>\n<p>[\/et_pb_text][\/et_pb_column][et_pb_column type=&#8221;1_2&#8243; _builder_version=&#8221;4.27.0&#8243; _module_preset=&#8221;default&#8221; background_color=&#8221;#FFD402&#8243; background_image=&#8221;https:\/\/cogniquest.eu\/wp-content\/uploads\/2024\/09\/Fichier-1.png&#8221; background_size=&#8221;custom&#8221; background_image_width=&#8221;30%&#8221; background_position=&#8221;top_right&#8221; background_horizontal_offset=&#8221;2%&#8221; background_vertical_offset=&#8221;10%&#8221; global_colors_info=&#8221;{}&#8221;][et_pb_image src=&#8221;https:\/\/cogniquest.eu\/wp-content\/uploads\/2025\/12\/implementation-guide_hr.png&#8221; title_text=&#8221;implementation-guide_hr&#8221; url=&#8221;https:\/\/cogniquest.eu\/wp-content\/uploads\/2025\/12\/Cogniquest_Implementation-Guide_HR.pdf&#8221; url_new_window=&#8221;on&#8221; show_bottom_space=&#8221;off&#8221; align=&#8221;center&#8221; _builder_version=&#8221;4.27.4&#8243; _module_preset=&#8221;default&#8221; background_enable_color=&#8221;off&#8221; width=&#8221;60%&#8221; module_alignment=&#8221;center&#8221; custom_margin=&#8221;30px||30px||true|false&#8221; box_shadow_style=&#8221;preset2&#8243; box_shadow_horizontal=&#8221;15px&#8221; global_colors_info=&#8221;{}&#8221;][\/et_pb_image][et_pb_button button_url=&#8221;https:\/\/cogniquest.eu\/wp-content\/uploads\/2025\/12\/Cogniquest_Implementation-Guide_HR.pdf&#8221; url_new_window=&#8221;on&#8221; button_text=&#8221;Preuzmi datoteke&#8221; _builder_version=&#8221;4.27.4&#8243; _module_preset=&#8221;default&#8221; custom_button=&#8221;on&#8221; button_text_size=&#8221;1em&#8221; button_text_color=&#8221;#000000&#8243; button_bg_color=&#8221;#FFFFFF&#8221; button_border_width=&#8221;0px&#8221; button_border_radius=&#8221;25px&#8221; button_use_icon=&#8221;off&#8221; positioning=&#8221;absolute&#8221; position_origin_f=&#8221;center_center&#8221; vertical_offset=&#8221;15px&#8221; horizontal_offset=&#8221;15px&#8221; custom_padding=&#8221;|25px||25px|false|true&#8221; hover_enabled=&#8221;0&#8243; global_colors_info=&#8221;{}&#8221; sticky_enabled=&#8221;0&#8243;][\/et_pb_button][et_pb_text _builder_version=&#8221;4.27.0&#8243; _module_preset=&#8221;default&#8221; text_font=&#8221;|300|||||||&#8221; text_text_color=&#8221;#000000&#8243; text_font_size=&#8221;1em&#8221; header_2_text_color=&#8221;#000000&#8243; header_2_font_size=&#8221;1.8em&#8221; header_2_line_height=&#8221;1.5em&#8221; background_color=&#8221;#FFFFFF&#8221; custom_margin=&#8221;||||false|false&#8221; custom_padding=&#8221;30px||||false|false&#8221; global_colors_info=&#8221;{}&#8221;]<\/p>\n<h2>Priru\u010dnik za primjenu<\/h2>\n<p>Priru\u010dnik za primjenu podupire u\u010ditelje i obrazovne stru\u010dnjake u tome kako koristiti CogniQuest alate u nastavi.<\/p>\n<p>[\/et_pb_text][\/et_pb_column][\/et_pb_row][\/et_pb_section]<\/p>\n","protected":false},"excerpt":{"rendered":"<p>Pedago\u0161ki priru\u010dnik Ovaj teorijski priru\u010dnik promi\u010de va\u017enost metakognitivnih strategija u obrazovanju, poma\u017eu\u0107i u\u010diteljima da razumiju razli\u010dite putove u\u010denja i zna\u010daj prilago\u0111enih individualnih procesa u\u010denja za pove\u0107anu produktivnost i u\u010dinkovitost.Prakti\u010dni priru\u010dnik Prakti\u010dni priru\u010dnik pru\u017ea u\u010diteljima i stru\u010dnjacima prakti\u010dne metode i metakognitivne strategije u u\u010dionici za podr\u0161ku u\u010diteljima i obrazovnim stru\u010dnjacima u poticanju uspje\u0161nijih i neovisnijih u\u010denika.Priru\u010dnik [&hellip;]<\/p>\n","protected":false},"author":2,"featured_media":0,"parent":715,"menu_order":0,"comment_status":"closed","ping_status":"closed","template":"","meta":{"_acf_changed":false,"_et_pb_use_builder":"on","_et_pb_old_content":"","_et_gb_content_width":"","footnotes":""},"class_list":["post-757","page","type-page","status-publish","hentry"],"acf":[],"_links":{"self":[{"href":"https:\/\/cogniquest.eu\/hr\/wp-json\/wp\/v2\/pages\/757","targetHints":{"allow":["GET"]}}],"collection":[{"href":"https:\/\/cogniquest.eu\/hr\/wp-json\/wp\/v2\/pages"}],"about":[{"href":"https:\/\/cogniquest.eu\/hr\/wp-json\/wp\/v2\/types\/page"}],"author":[{"embeddable":true,"href":"https:\/\/cogniquest.eu\/hr\/wp-json\/wp\/v2\/users\/2"}],"replies":[{"embeddable":true,"href":"https:\/\/cogniquest.eu\/hr\/wp-json\/wp\/v2\/comments?post=757"}],"version-history":[{"count":61,"href":"https:\/\/cogniquest.eu\/hr\/wp-json\/wp\/v2\/pages\/757\/revisions"}],"predecessor-version":[{"id":2778,"href":"https:\/\/cogniquest.eu\/hr\/wp-json\/wp\/v2\/pages\/757\/revisions\/2778"}],"up":[{"embeddable":true,"href":"https:\/\/cogniquest.eu\/hr\/wp-json\/wp\/v2\/pages\/715"}],"wp:attachment":[{"href":"https:\/\/cogniquest.eu\/hr\/wp-json\/wp\/v2\/media?parent=757"}],"curies":[{"name":"wp","href":"https:\/\/api.w.org\/{rel}","templated":true}]}}