{"id":730,"date":"2024-07-12T09:40:09","date_gmt":"2024-07-12T09:40:09","guid":{"rendered":"https:\/\/cogniquest.eu\/za-ucitelje\/partneri\/"},"modified":"2024-11-12T15:45:47","modified_gmt":"2024-11-12T15:45:47","slug":"partneri","status":"publish","type":"page","link":"https:\/\/cogniquest.eu\/hr\/za-ucitelje\/partneri\/","title":{"rendered":"Partneri"},"content":{"rendered":"<p>[et_pb_section fb_built=&#8221;1&#8243; _builder_version=&#8221;4.27.0&#8243; _module_preset=&#8221;default&#8221; custom_padding=&#8221;||||false|false&#8221; global_colors_info=&#8221;{}&#8221;][et_pb_row _builder_version=&#8221;4.27.0&#8243; _module_preset=&#8221;default&#8221; global_colors_info=&#8221;{}&#8221;][et_pb_column type=&#8221;4_4&#8243; _builder_version=&#8221;4.27.0&#8243; _module_preset=&#8221;default&#8221; global_colors_info=&#8221;{}&#8221;][et_pb_post_title meta=&#8221;off&#8221; featured_image=&#8221;off&#8221; _builder_version=&#8221;4.27.0&#8243; _module_preset=&#8221;default&#8221; title_font=&#8221;||||||||&#8221; title_text_color=&#8221;#000000&#8243; title_font_size=&#8221;3.5em&#8221; hover_enabled=&#8221;0&#8243; global_colors_info=&#8221;{}&#8221; sticky_enabled=&#8221;0&#8243;][\/et_pb_post_title][\/et_pb_column][\/et_pb_row][et_pb_row column_structure=&#8221;1_3,1_3,1_3&#8243; use_custom_gutter=&#8221;on&#8221; make_equal=&#8221;on&#8221; _builder_version=&#8221;4.27.0&#8243; _module_preset=&#8221;default&#8221; global_colors_info=&#8221;{}&#8221;][et_pb_column type=&#8221;1_3&#8243; _builder_version=&#8221;4.27.0&#8243; _module_preset=&#8221;default&#8221; global_colors_info=&#8221;{}&#8221;][et_pb_image src=&#8221;https:\/\/cogniquest.eu\/wp-content\/uploads\/2024\/08\/0-Logo_Apprimeurs_bleu.png&#8221; title_text=&#8221;0 &#8211; Logo_Apprimeurs_bleu&#8221; _builder_version=&#8221;4.27.0&#8243; _module_preset=&#8221;default&#8221; width=&#8221;250px&#8221; custom_margin=&#8221;||40px||false|false&#8221; global_colors_info=&#8221;{}&#8221;][\/et_pb_image][et_pb_text _builder_version=&#8221;4.27.0&#8243; _module_preset=&#8221;default&#8221; text_font=&#8221;|300|||||||&#8221; text_text_color=&#8221;#000000&#8243; text_font_size=&#8221;1em&#8221; header_2_text_color=&#8221;#000000&#8243; header_2_font_size=&#8221;1.8em&#8221; header_2_line_height=&#8221;1.2em&#8221; global_colors_info=&#8221;{}&#8221;]<\/p>\n<h2>Les Apprimeurs<\/h2>\n<p><strong>Francuska<\/strong><\/p>\n<p>Les Apprimeurs je francuska tvrtka specijalizirana za stvaranje digitalnih rje\u0161enja po mjeri za sektore obrazovanja, kulture i obuke. Radimo na promicanju osnovnih vje\u0161tina i pristupa znanju za sve kroz treninge, radionice, interaktivne e-knjige i razvoj platformi. <\/p>\n<p>[\/et_pb_text][et_pb_button button_url=&#8221;https:\/\/lesapprimeurs.com\/&#8221; url_new_window=&#8221;on&#8221; button_text=&#8221;Saznaj vi\u0161e&#8221; _builder_version=&#8221;4.27.0&#8243; _module_preset=&#8221;default&#8221; custom_button=&#8221;on&#8221; button_text_size=&#8221;1em&#8221; button_text_color=&#8221;#000000&#8243; button_bg_color=&#8221;#EB601C&#8221; button_border_width=&#8221;0px&#8221; button_border_color=&#8221;RGBA(255,255,255,0)&#8221; button_border_radius=&#8221;25px&#8221; button_letter_spacing=&#8221;0px&#8221; button_font=&#8221;Geologica||||||||&#8221; button_icon=&#8221;&#x45;||divi||400&#8243; button_icon_placement=&#8221;left&#8221; custom_padding=&#8221;|25px||25px|false|true&#8221; global_colors_info=&#8221;{}&#8221;][\/et_pb_button][\/et_pb_column][et_pb_column type=&#8221;1_3&#8243; _builder_version=&#8221;4.27.0&#8243; _module_preset=&#8221;default&#8221; global_colors_info=&#8221;{}&#8221;][et_pb_image src=&#8221;https:\/\/cogniquest.eu\/wp-content\/uploads\/2024\/08\/logo_Arsakeio.png&#8221; title_text=&#8221;logo_Arsakeio&#8221; _builder_version=&#8221;4.27.0&#8243; _module_preset=&#8221;default&#8221; width=&#8221;250px&#8221; max_height=&#8221;80px&#8221; custom_margin=&#8221;||40px||false|false&#8221; locked=&#8221;off&#8221; global_colors_info=&#8221;{}&#8221;][\/et_pb_image][et_pb_text _builder_version=&#8221;4.27.0&#8243; _module_preset=&#8221;default&#8221; text_font=&#8221;|300|||||||&#8221; text_text_color=&#8221;#000000&#8243; text_font_size=&#8221;1em&#8221; header_2_text_color=&#8221;#000000&#8243; header_2_font_size=&#8221;1.8em&#8221; header_2_line_height=&#8221;1.2em&#8221; locked=&#8221;off&#8221; global_colors_info=&#8221;{}&#8221;]<\/p>\n<h2>Arsakeio School of Patras<\/h2>\n<p><strong>Gr\u010dka<\/strong><\/p>\n<p>Arsakeio je op\u0107i naziv \u0161kola Arsakeia \u2013 Tositseia, grupe zajedni\u010dkih privatnih \u0161kola u \u010detiri razli\u010dite regije Gr\u010dke, kojima upravlja Philekpedeftiki Eter\u00eda, Dru\u0161tvo za promicanje obrazovanja i u\u010denja (SPEL), koje je najve\u0107a obrazovna organizacija u Gr\u010dkoj.<\/p>\n<p>[\/et_pb_text][et_pb_button button_url=&#8221;https:\/\/www.arsakeio.gr\/&#8221; url_new_window=&#8221;on&#8221; button_text=&#8221;Saznaj vi\u0161e&#8221; _builder_version=&#8221;4.27.0&#8243; _module_preset=&#8221;default&#8221; custom_button=&#8221;on&#8221; button_text_size=&#8221;1em&#8221; button_text_color=&#8221;#000000&#8243; button_bg_color=&#8221;#EB601C&#8221; button_border_width=&#8221;0px&#8221; button_border_color=&#8221;RGBA(255,255,255,0)&#8221; button_border_radius=&#8221;25px&#8221; button_letter_spacing=&#8221;0px&#8221; button_font=&#8221;Geologica||||||||&#8221; button_icon=&#8221;&#x45;||divi||400&#8243; button_icon_placement=&#8221;left&#8221; custom_padding=&#8221;|25px||25px|false|true&#8221; locked=&#8221;off&#8221; global_colors_info=&#8221;{}&#8221;][\/et_pb_button][\/et_pb_column][et_pb_column type=&#8221;1_3&#8243; _builder_version=&#8221;4.27.0&#8243; _module_preset=&#8221;default&#8221; global_colors_info=&#8221;{}&#8221;][et_pb_image src=&#8221;https:\/\/cogniquest.eu\/wp-content\/uploads\/2024\/08\/Logopsycom_transparent_black-e1724850068198.png&#8221; title_text=&#8221;Logopsycom_transparent_black&#8221; _builder_version=&#8221;4.27.0&#8243; _module_preset=&#8221;default&#8221; width=&#8221;150px&#8221; max_height=&#8221;90px&#8221; custom_margin=&#8221;||40px||false|false&#8221; locked=&#8221;off&#8221; global_colors_info=&#8221;{}&#8221;][\/et_pb_image][et_pb_text _builder_version=&#8221;4.27.0&#8243; _module_preset=&#8221;default&#8221; text_font=&#8221;|300|||||||&#8221; text_text_color=&#8221;#000000&#8243; text_font_size=&#8221;1em&#8221; header_2_text_color=&#8221;#000000&#8243; header_2_font_size=&#8221;1.8em&#8221; header_2_line_height=&#8221;1.2em&#8221; locked=&#8221;off&#8221; global_colors_info=&#8221;{}&#8221;]<\/p>\n<h2>Logopsycom<\/h2>\n<p><strong>Belgija<\/strong><\/p>\n<p>Logopsycom je centar za inovacije u obrazovanju koji stvara i koristi alternativne metode ili alate (digitalne ili druge) za pomo\u0107 \u0161kolama, strukovnim centrima, obrazovnim organizacijama, mladima i roditeljima. U po\u010detku je stvorena kao tvrtka za skrb, specijalizirana za poreme\u0107aje u\u010denja me\u0111u mladima, posebno u &#8220;Dys&#8221; podru\u010dju (Dyspraxia, Dysphasia, Dyslexia, itd.), koji se nazivaju i specifi\u010dni poreme\u0107aji u\u010denja (SLD) i stoga uvijek radi na dostupnosti sadr\u017eaja. <\/p>\n<p>[\/et_pb_text][et_pb_button button_url=&#8221;https:\/\/logopsycom.com\/&#8221; url_new_window=&#8221;on&#8221; button_text=&#8221;Saznaj vi\u0161e&#8221; _builder_version=&#8221;4.27.0&#8243; _module_preset=&#8221;default&#8221; custom_button=&#8221;on&#8221; button_text_size=&#8221;1em&#8221; button_text_color=&#8221;#000000&#8243; button_bg_color=&#8221;#EB601C&#8221; button_border_width=&#8221;0px&#8221; button_border_color=&#8221;RGBA(255,255,255,0)&#8221; button_border_radius=&#8221;25px&#8221; button_letter_spacing=&#8221;0px&#8221; button_font=&#8221;Geologica||||||||&#8221; button_icon=&#8221;&#x45;||divi||400&#8243; button_icon_placement=&#8221;left&#8221; custom_padding=&#8221;|25px||25px|false|true&#8221; locked=&#8221;off&#8221; global_colors_info=&#8221;{}&#8221;][\/et_pb_button][\/et_pb_column][\/et_pb_row][et_pb_row column_structure=&#8221;1_3,1_3,1_3&#8243; use_custom_gutter=&#8221;on&#8221; make_equal=&#8221;on&#8221; _builder_version=&#8221;4.27.0&#8243; _module_preset=&#8221;default&#8221; locked=&#8221;off&#8221; global_colors_info=&#8221;{}&#8221;][et_pb_column type=&#8221;1_3&#8243; _builder_version=&#8221;4.27.0&#8243; _module_preset=&#8221;default&#8221; global_colors_info=&#8221;{}&#8221;][et_pb_image src=&#8221;https:\/\/cogniquest.eu\/wp-content\/uploads\/2024\/08\/Logo-Glina.jpeg&#8221; title_text=&#8221;Logo Glina&#8221; _builder_version=&#8221;4.27.0&#8243; _module_preset=&#8221;default&#8221; width=&#8221;180px&#8221; max_height=&#8221;100px&#8221; custom_margin=&#8221;||40px||false|false&#8221; global_colors_info=&#8221;{}&#8221;][\/et_pb_image][et_pb_text _builder_version=&#8221;4.27.0&#8243; _module_preset=&#8221;default&#8221; text_font=&#8221;|300|||||||&#8221; text_text_color=&#8221;#000000&#8243; text_font_size=&#8221;1em&#8221; header_2_text_color=&#8221;#000000&#8243; header_2_font_size=&#8221;1.8em&#8221; header_2_line_height=&#8221;1.2em&#8221; global_colors_info=&#8221;{}&#8221;]<\/p>\n<h2>Osnovna \u0161kola Glina<\/h2>\n<p><strong>Hrvatska<\/strong><\/p>\n<p>Osnovna \u0161kola Glina je osnovna \u0161kola za u\u010denike od 6 do 14 godina. Nalazi se u gradu Glini, malom mjestu udaljenom 70 km od Zagreba, glavnog grada Hrvatske. \u0160kolu poha\u0111a 442 u\u010denika, a zaposleno je 55 u\u010ditelja.  <\/p>\n<p>[\/et_pb_text][et_pb_button button_url=&#8221;http:\/\/www.os-glina.skole.hr\/&#8221; url_new_window=&#8221;on&#8221; button_text=&#8221;Saznaj vi\u0161e&#8221; _builder_version=&#8221;4.27.0&#8243; _module_preset=&#8221;default&#8221; custom_button=&#8221;on&#8221; button_text_size=&#8221;1em&#8221; button_text_color=&#8221;#000000&#8243; button_bg_color=&#8221;#EB601C&#8221; button_border_width=&#8221;0px&#8221; button_border_color=&#8221;RGBA(255,255,255,0)&#8221; button_border_radius=&#8221;25px&#8221; button_letter_spacing=&#8221;0px&#8221; button_font=&#8221;Geologica||||||||&#8221; button_icon=&#8221;&#x45;||divi||400&#8243; button_icon_placement=&#8221;left&#8221; custom_padding=&#8221;|25px||25px|false|true&#8221; global_colors_info=&#8221;{}&#8221;][\/et_pb_button][\/et_pb_column][et_pb_column type=&#8221;1_3&#8243; _builder_version=&#8221;4.27.0&#8243; _module_preset=&#8221;default&#8221; global_colors_info=&#8221;{}&#8221;][et_pb_image src=&#8221;https:\/\/cogniquest.eu\/wp-content\/uploads\/2024\/08\/Logo-Slupsk-e1724850527134.jpeg&#8221; title_text=&#8221;Logo Slupsk&#8221; _builder_version=&#8221;4.27.0&#8243; _module_preset=&#8221;default&#8221; width=&#8221;250px&#8221; max_height=&#8221;100px&#8221; custom_margin=&#8221;||40px||false|false&#8221; locked=&#8221;off&#8221; global_colors_info=&#8221;{}&#8221;][\/et_pb_image][et_pb_text _builder_version=&#8221;4.27.0&#8243; _module_preset=&#8221;default&#8221; text_font=&#8221;|300|||||||&#8221; text_text_color=&#8221;#000000&#8243; text_font_size=&#8221;1em&#8221; header_2_text_color=&#8221;#000000&#8243; header_2_font_size=&#8221;1.8em&#8221; header_2_line_height=&#8221;1.2em&#8221; locked=&#8221;off&#8221; global_colors_info=&#8221;{}&#8221;]<\/p>\n<h2>Pomorski Osrodek Doskonalenia Nauczycieli w Slupsku<\/h2>\n<p><strong>Poljska<\/strong><\/p>\n<p>Cilj Centra za osposobljavanje nastavnika u S\u0142upsku je aktivno sudjelovanje u procesu razvoja pomeranskog obrazovanja ja\u010danjem stru\u010dnih kompetencija ravnatelja i u\u010ditelja te podupiranjem razvoja pomeranskih \u0161kola i obrazovnih institucija. Implementiramo nova i osna\u017eujemo provjerena rje\u0161enja u podru\u010dju obrazovanja, skrbi i odgoja te upravljanja; stvaramo prilike za razvoj i oboga\u0107ivanje vje\u0161tina, znanja i oblikovanje stavova ravnatelja i u\u010ditelja \u0161kola i obrazovnih ustanova u Pomeraniju. <\/p>\n<p>[\/et_pb_text][et_pb_button button_url=&#8221;https:\/\/www.odn.slupsk.pl\/&#8221; url_new_window=&#8221;on&#8221; button_text=&#8221;Saznaj vi\u0161e&#8221; _builder_version=&#8221;4.27.0&#8243; _module_preset=&#8221;default&#8221; custom_button=&#8221;on&#8221; button_text_size=&#8221;1em&#8221; button_text_color=&#8221;#000000&#8243; button_bg_color=&#8221;#EB601C&#8221; button_border_width=&#8221;0px&#8221; button_border_color=&#8221;RGBA(255,255,255,0)&#8221; button_border_radius=&#8221;25px&#8221; button_letter_spacing=&#8221;0px&#8221; button_font=&#8221;Geologica||||||||&#8221; button_icon=&#8221;&#x45;||divi||400&#8243; button_icon_placement=&#8221;left&#8221; custom_padding=&#8221;|25px||25px|false|true&#8221; locked=&#8221;off&#8221; global_colors_info=&#8221;{}&#8221;][\/et_pb_button][\/et_pb_column][et_pb_column type=&#8221;1_3&#8243; _builder_version=&#8221;4.27.0&#8243; _module_preset=&#8221;default&#8221; global_colors_info=&#8221;{}&#8221;][\/et_pb_column][\/et_pb_row][\/et_pb_section]<\/p>\n","protected":false},"excerpt":{"rendered":"<p>Les Apprimeurs Francuska Les Apprimeurs je francuska tvrtka specijalizirana za stvaranje digitalnih rje\u0161enja po mjeri za sektore obrazovanja, kulture i obuke. Radimo na promicanju osnovnih vje\u0161tina i pristupa znanju za sve kroz treninge, radionice, interaktivne e-knjige i razvoj platformi. Arsakeio School of Patras Gr\u010dka Arsakeio je op\u0107i naziv \u0161kola Arsakeia \u2013 Tositseia, grupe zajedni\u010dkih privatnih [&hellip;]<\/p>\n","protected":false},"author":2,"featured_media":0,"parent":715,"menu_order":0,"comment_status":"closed","ping_status":"closed","template":"","meta":{"_acf_changed":false,"_et_pb_use_builder":"on","_et_pb_old_content":"","_et_gb_content_width":"","footnotes":""},"class_list":["post-730","page","type-page","status-publish","hentry"],"acf":[],"_links":{"self":[{"href":"https:\/\/cogniquest.eu\/hr\/wp-json\/wp\/v2\/pages\/730","targetHints":{"allow":["GET"]}}],"collection":[{"href":"https:\/\/cogniquest.eu\/hr\/wp-json\/wp\/v2\/pages"}],"about":[{"href":"https:\/\/cogniquest.eu\/hr\/wp-json\/wp\/v2\/types\/page"}],"author":[{"embeddable":true,"href":"https:\/\/cogniquest.eu\/hr\/wp-json\/wp\/v2\/users\/2"}],"replies":[{"embeddable":true,"href":"https:\/\/cogniquest.eu\/hr\/wp-json\/wp\/v2\/comments?post=730"}],"version-history":[{"count":2,"href":"https:\/\/cogniquest.eu\/hr\/wp-json\/wp\/v2\/pages\/730\/revisions"}],"predecessor-version":[{"id":732,"href":"https:\/\/cogniquest.eu\/hr\/wp-json\/wp\/v2\/pages\/730\/revisions\/732"}],"up":[{"embeddable":true,"href":"https:\/\/cogniquest.eu\/hr\/wp-json\/wp\/v2\/pages\/715"}],"wp:attachment":[{"href":"https:\/\/cogniquest.eu\/hr\/wp-json\/wp\/v2\/media?parent=730"}],"curies":[{"name":"wp","href":"https:\/\/api.w.org\/{rel}","templated":true}]}}