{"id":703,"date":"2024-07-12T09:39:44","date_gmt":"2024-07-12T09:39:44","guid":{"rendered":"https:\/\/cogniquest.eu\/projekt\/"},"modified":"2024-11-12T15:30:13","modified_gmt":"2024-11-12T15:30:13","slug":"projekt","status":"publish","type":"page","link":"https:\/\/cogniquest.eu\/hr\/za-ucitelje\/projekt\/","title":{"rendered":"Projekt"},"content":{"rendered":"<p>[et_pb_section fb_built=&#8221;1&#8243; _builder_version=&#8221;4.27.0&#8243; _module_preset=&#8221;default&#8221; custom_padding=&#8221;||||false|false&#8221; global_colors_info=&#8221;{}&#8221; theme_builder_area=&#8221;post_content&#8221;][et_pb_row _builder_version=&#8221;4.27.0&#8243; _module_preset=&#8221;default&#8221; global_colors_info=&#8221;{}&#8221; theme_builder_area=&#8221;post_content&#8221;][et_pb_column type=&#8221;4_4&#8243; _builder_version=&#8221;4.27.0&#8243; _module_preset=&#8221;default&#8221; global_colors_info=&#8221;{}&#8221; theme_builder_area=&#8221;post_content&#8221;][et_pb_post_title meta=&#8221;off&#8221; featured_image=&#8221;off&#8221; _builder_version=&#8221;4.27.0&#8243; _module_preset=&#8221;default&#8221; title_font=&#8221;||||||||&#8221; title_text_color=&#8221;#000000&#8243; title_font_size=&#8221;3.5em&#8221; hover_enabled=&#8221;0&#8243; global_colors_info=&#8221;{}&#8221; theme_builder_area=&#8221;post_content&#8221; sticky_enabled=&#8221;0&#8243;][\/et_pb_post_title][\/et_pb_column][\/et_pb_row][et_pb_row column_structure=&#8221;3_5,2_5&#8243; use_custom_gutter=&#8221;on&#8221; make_equal=&#8221;on&#8221; _builder_version=&#8221;4.27.0&#8243; _module_preset=&#8221;default&#8221; locked=&#8221;off&#8221; global_colors_info=&#8221;{}&#8221; theme_builder_area=&#8221;post_content&#8221;][et_pb_column type=&#8221;3_5&#8243; _builder_version=&#8221;4.27.0&#8243; _module_preset=&#8221;default&#8221; global_colors_info=&#8221;{}&#8221; theme_builder_area=&#8221;post_content&#8221;][et_pb_text _builder_version=&#8221;4.27.0&#8243; _module_preset=&#8221;default&#8221; text_font=&#8221;|300|||||||&#8221; text_text_color=&#8221;#000000&#8243; text_font_size=&#8221;1em&#8221; header_2_text_color=&#8221;#000000&#8243; header_2_font_size=&#8221;1.8em&#8221; header_2_line_height=&#8221;1.2em&#8221; hover_enabled=&#8221;0&#8243; global_colors_info=&#8221;{}&#8221; theme_builder_area=&#8221;post_content&#8221; sticky_enabled=&#8221;0&#8243;]<\/p>\n<p>Projekt CogniQuest proizlazi iz \u017eelje da se pomogne u\u010denicima da razviju svoje metakognitivne vje\u0161tine uz aktivan doprinos u\u010ditelja i stru\u010dnjaka u obrazovanju. Metakognicija uklju\u010duje promi\u0161ljanje i pra\u0107enje procesa u\u010denja, \u0161to je klju\u010dno za u\u010dinkovito u\u010denje i kriti\u010dko razmi\u0161ljanje. Opremaju\u0107i u\u010denike metakognitivnim strategijama, osna\u017eujemo ih da postanu <strong>neovisni u\u010denici<\/strong>, \u0161to u kona\u010dnici pobolj\u0161ava njihovu akademsku izvedbu i dobrobit.  <\/p>\n<p>Istra\u017eivanje pokazuje da pou\u010davanje metakognicije u<strong> razredu pozitivno utje\u010de na postignu\u0107a u\u010denika i podr\u017eava klju\u010dne kompetencije<\/strong> koje je uspostavilo Vije\u0107e Europske unije. Ovaj projekt \u0107e u\u010diteljima pru\u017eiti resurse i materijale spremne za kori\u0161tenje, poma\u017eu\u0107i im da integriraju metakognitivne strategije u svoje u\u010dionice. U\u010ditelji \u0107e igrati klju\u010dnu ulogu u olak\u0161avanju razvoja ovih vje\u0161tina, osiguravaju\u0107i da u\u010denici mogu otkriti vlastite metode i rutine u\u010denja.  <\/p>\n<p>Resursi projekta obuhva\u0107aju:<\/p>\n<ul>\n<li>4 obrazovna priru\u010dnika za prakti\u010dare,<\/li>\n<li>10 pustolovnih knjiga za u\u010denike,<\/li>\n<li>i opse\u017ean skup alata sa 60 alata i metoda za refleksiju.<\/li>\n<\/ul>\n<p>Razumijevanjem i vrednovanjem razli\u010ditih na\u010dina u\u010denja u\u010denici mogu izgraditi samopouzdanje i smanjiti rizik od ranog napu\u0161tanja \u0161kole. Ovaj pristup ne samo da pobolj\u0161ava akademske rezultate, ve\u0107 i priprema u\u010denike za budu\u0107i uspjeh na tr\u017ei\u0161tu rada koje se brzo mijenja. <\/p>\n<p>Integriranjem metakognitivnih strategija u obrazovanje, cilj nam je pove\u0107ati uklju\u010denost i dostupnost u stjecanju vje\u0161tina u\u010denja za u\u010denje.<\/p>\n<p>[\/et_pb_text][\/et_pb_column][et_pb_column type=&#8221;2_5&#8243; _builder_version=&#8221;4.27.0&#8243; _module_preset=&#8221;default&#8221; global_colors_info=&#8221;{}&#8221; theme_builder_area=&#8221;post_content&#8221;][et_pb_image src=&#8221;https:\/\/cogniquest.eu\/wp-content\/uploads\/2024\/07\/Groupe-642.png&#8221; title_text=&#8221;Groupe 642&#8243; _builder_version=&#8221;4.27.0&#8243; _module_preset=&#8221;default&#8221; custom_margin=&#8221;||40px||false|false&#8221; hover_enabled=&#8221;0&#8243; global_colors_info=&#8221;{}&#8221; theme_builder_area=&#8221;post_content&#8221; sticky_enabled=&#8221;0&#8243;][\/et_pb_image][\/et_pb_column][\/et_pb_row][\/et_pb_section]<\/p>\n","protected":false},"excerpt":{"rendered":"<p>Projekt CogniQuest proizlazi iz \u017eelje da se pomogne u\u010denicima da razviju svoje metakognitivne vje\u0161tine uz aktivan doprinos u\u010ditelja i stru\u010dnjaka u obrazovanju. Metakognicija uklju\u010duje promi\u0161ljanje i pra\u0107enje procesa u\u010denja, \u0161to je klju\u010dno za u\u010dinkovito u\u010denje i kriti\u010dko razmi\u0161ljanje. Opremaju\u0107i u\u010denike metakognitivnim strategijama, osna\u017eujemo ih da postanu neovisni u\u010denici, \u0161to u kona\u010dnici pobolj\u0161ava njihovu akademsku izvedbu [&hellip;]<\/p>\n","protected":false},"author":2,"featured_media":0,"parent":715,"menu_order":0,"comment_status":"closed","ping_status":"closed","template":"","meta":{"_acf_changed":false,"_et_pb_use_builder":"on","_et_pb_old_content":"","_et_gb_content_width":"","footnotes":""},"class_list":["post-703","page","type-page","status-publish","hentry"],"acf":[],"_links":{"self":[{"href":"https:\/\/cogniquest.eu\/hr\/wp-json\/wp\/v2\/pages\/703","targetHints":{"allow":["GET"]}}],"collection":[{"href":"https:\/\/cogniquest.eu\/hr\/wp-json\/wp\/v2\/pages"}],"about":[{"href":"https:\/\/cogniquest.eu\/hr\/wp-json\/wp\/v2\/types\/page"}],"author":[{"embeddable":true,"href":"https:\/\/cogniquest.eu\/hr\/wp-json\/wp\/v2\/users\/2"}],"replies":[{"embeddable":true,"href":"https:\/\/cogniquest.eu\/hr\/wp-json\/wp\/v2\/comments?post=703"}],"version-history":[{"count":2,"href":"https:\/\/cogniquest.eu\/hr\/wp-json\/wp\/v2\/pages\/703\/revisions"}],"predecessor-version":[{"id":705,"href":"https:\/\/cogniquest.eu\/hr\/wp-json\/wp\/v2\/pages\/703\/revisions\/705"}],"up":[{"embeddable":true,"href":"https:\/\/cogniquest.eu\/hr\/wp-json\/wp\/v2\/pages\/715"}],"wp:attachment":[{"href":"https:\/\/cogniquest.eu\/hr\/wp-json\/wp\/v2\/media?parent=703"}],"curies":[{"name":"wp","href":"https:\/\/api.w.org\/{rel}","templated":true}]}}