{"id":2661,"date":"2024-07-12T09:48:51","date_gmt":"2024-07-12T09:48:51","guid":{"rendered":"https:\/\/cogniquest.eu\/za-ucenike\/razmisliti\/"},"modified":"2025-11-17T10:01:20","modified_gmt":"2025-11-17T10:01:20","slug":"razmisliti","status":"publish","type":"page","link":"https:\/\/cogniquest.eu\/hr\/za-ucenike\/razmisliti\/","title":{"rendered":"Razmisliti"},"content":{"rendered":"<p>[et_pb_section fb_built=&#8221;1&#8243; _builder_version=&#8221;4.27.4&#8243; _module_preset=&#8221;default&#8221; background_color=&#8221;#FFD402&#8243; custom_padding=&#8221;5%||||false|false&#8221; hover_enabled=&#8221;0&#8243; global_colors_info=&#8221;{}&#8221; sticky_enabled=&#8221;0&#8243;][et_pb_row _builder_version=&#8221;4.27.4&#8243; _module_preset=&#8221;default&#8221; width=&#8221;90%&#8221; max_width=&#8221;1280px&#8221; custom_margin=&#8221;||||false|false&#8221; global_colors_info=&#8221;{}&#8221;][et_pb_column type=&#8221;4_4&#8243; _builder_version=&#8221;4.27.4&#8243; _module_preset=&#8221;default&#8221; global_colors_info=&#8221;{}&#8221;][et_pb_text _builder_version=&#8221;4.27.4&#8243; _module_preset=&#8221;default&#8221; header_font_size=&#8221;2.5rem&#8221; header_2_font_size=&#8221;2.5rem&#8221; global_colors_info=&#8221;{}&#8221;]<\/p>\n<h1>Razmisliti<\/h1>\n<p>[\/et_pb_text][et_pb_code module_class=&#8221;for-pupils-code&#8221; _builder_version=&#8221;4.27.4&#8243; _module_preset=&#8221;default&#8221; global_colors_info=&#8221;{}&#8221;]<!-- Gridbuilder \u1d42\u1d3e Plugin (https:\/\/wpgridbuilder.com) -->\n<div class=\"wp-grid-builder wpgb-grid-5 for-pupils-grid\" data-options=\"{&quot;id&quot;:5,&quot;type&quot;:&quot;masonry&quot;,&quot;source&quot;:&quot;post_type&quot;,&quot;loader&quot;:false,&quot;layout&quot;:&quot;vertical&quot;,&quot;reveal&quot;:0,&quot;isMainQuery&quot;:0,&quot;lazyLoad&quot;:false,&quot;cardSizes&quot;:{&quot;9999&quot;:{&quot;columns&quot;:4,&quot;height&quot;:240,&quot;gutter&quot;:16,&quot;ratio&quot;:&quot;1.33333&quot;},&quot;1280&quot;:{&quot;columns&quot;:3,&quot;height&quot;:220,&quot;gutter&quot;:16,&quot;ratio&quot;:&quot;1.33333&quot;},&quot;1024&quot;:{&quot;columns&quot;:2,&quot;height&quot;:200,&quot;gutter&quot;:16,&quot;ratio&quot;:&quot;1.33333&quot;},&quot;640&quot;:{&quot;columns&quot;:1,&quot;height&quot;:200,&quot;gutter&quot;:16,&quot;ratio&quot;:&quot;1.33333&quot;}},&quot;fitRows&quot;:false,&quot;equalRows&quot;:0,&quot;equalColumns&quot;:true,&quot;fillLastRow&quot;:0,&quot;centerLastRow&quot;:0,&quot;horizontalOrder&quot;:false,&quot;fullWidth&quot;:false,&quot;transitionDelay&quot;:100,&quot;gallerySlideshow&quot;:false,&quot;rowsNumber&quot;:1,&quot;slideAlign&quot;:&quot;left&quot;,&quot;groupCells&quot;:4,&quot;draggable&quot;:true,&quot;initialIndex&quot;:0,&quot;contain&quot;:false,&quot;freeScroll&quot;:false,&quot;freeFriction&quot;:&quot;0.075&quot;,&quot;friction&quot;:&quot;0.285&quot;,&quot;attraction&quot;:&quot;0.025&quot;,&quot;autoPlay&quot;:0,&quot;pageDotAriaLabel&quot;:&quot;Page dot %d&quot;,&quot;isPreview&quot;:false,&quot;isGutenberg&quot;:false,&quot;rightToLeft&quot;:false}\"><div class=\"wpgb-svg-icons\" hidden>\n\t<svg viewBox=\"0 0 120 24\" width=\"0\" height=\"0\">\n\t<defs>\n        <polygon id=\"wpgb-star-svg\" points=\"12 2.5 15.1 8.8 22 9.8 17 14.6 18.2 21.5 12 18.3 5.8 21.5 7 14.6 2 9.8 8.9 8.8\"><\/polygon>\n    <\/defs>\n    <symbol id=\"wpgb-rating-stars-svg\">\n        <use xlink:href=\"#wpgb-star-svg\"><\/use>\n        <use xlink:href=\"#wpgb-star-svg\" x=\"24\"><\/use>\n        <use xlink:href=\"#wpgb-star-svg\" x=\"48\"><\/use>\n        <use xlink:href=\"#wpgb-star-svg\" x=\"72\"><\/use>\n        <use xlink:href=\"#wpgb-star-svg\" x=\"96\"><\/use>\n    <\/symbol>\n<\/svg>\n<\/div>\n<div class=\"wpgb-wrapper\">\n\t<div class=\"wpgb-main\">\n\t<div class=\"wpgb-layout\">\n\t<div class=\"wpgb-viewport\">\n\t\t<div class=\"wpgb-masonry\">\n\t\t\t<article class=\"wpgb-card wpgb-card-2 wpgb-post-1810\" data-col=\"1\" data-row=\"1\" data-format=\"standard\"><div class=\"wpgb-card-wrapper\"><div class=\"wpgb-card-inner resource-teaser\" data-action><div class=\"wpgb-card-media wpgb-scheme-light\"><svg data-ratio style=\"padding-top:141.8%\" viewBox=\"0 0 610 865\" aria-hidden=\"true\"><\/svg><div class=\"wpgb-card-media-thumbnail\"><a href=\"https:\/\/cogniquest.eu\/wp-content\/uploads\/2025\/10\/poster-1_hr.png\" tabindex=\"-1\" class=\"wpgb-handle-lb wpgb-lightbox\" data-type=\"image\" data-rel=\"5\" data-title=\"poster-1_hr\" title=\"Enlarge photo\"><div style=\"background-image:url(https:\/\/cogniquest.eu\/wp-content\/uploads\/2025\/10\/poster-1_hr.png)\"><\/div><noscript><img loading=\"lazy\" decoding=\"async\" class=\"wpgb-noscript-img\" src=\"https:\/\/cogniquest.eu\/wp-content\/uploads\/2025\/10\/poster-1_hr.png\" alt=\"\" height=\"865\" width=\"610\"><\/noscript><\/a><\/div><\/div><div class=\"wpgb-card-content wpgb-scheme-dark\"><div class=\"wpgb-card-body\"><h3 class=\"wpgb-block-1\">\u0160to je metakognicija?<\/h3><\/div><\/div><a class=\"wpgb-card-layer-link\" target=\"_blank\" rel=\"external noopener noreferrer\" href=\"https:\/\/cogniquest.eu\/wp-content\/uploads\/2025\/10\/Cogniquest-Poster-1_HR.pdf\"><\/a><\/div><\/div><\/article><article class=\"wpgb-card wpgb-card-2 wpgb-post-1809\" data-col=\"1\" data-row=\"1\" data-format=\"standard\"><div class=\"wpgb-card-wrapper\"><div class=\"wpgb-card-inner resource-teaser\" data-action><div class=\"wpgb-card-media wpgb-scheme-light\"><svg data-ratio style=\"padding-top:141.8%\" viewBox=\"0 0 610 865\" aria-hidden=\"true\"><\/svg><div class=\"wpgb-card-media-thumbnail\"><a href=\"https:\/\/cogniquest.eu\/wp-content\/uploads\/2025\/10\/poster-2_hr.png\" tabindex=\"-1\" class=\"wpgb-handle-lb wpgb-lightbox\" data-type=\"image\" data-rel=\"5\" data-title=\"poster-2_hr\" title=\"Enlarge photo\"><div style=\"background-image:url(https:\/\/cogniquest.eu\/wp-content\/uploads\/2025\/10\/poster-2_hr.png)\"><\/div><noscript><img loading=\"lazy\" decoding=\"async\" class=\"wpgb-noscript-img\" src=\"https:\/\/cogniquest.eu\/wp-content\/uploads\/2025\/10\/poster-2_hr.png\" alt=\"\" height=\"865\" width=\"610\"><\/noscript><\/a><\/div><\/div><div class=\"wpgb-card-content wpgb-scheme-dark\"><div class=\"wpgb-card-body\"><h3 class=\"wpgb-block-1\">Tajne va\u0161eg razmi\u0161ljanja i u\u010denja<\/h3><\/div><\/div><a class=\"wpgb-card-layer-link\" target=\"_blank\" rel=\"external noopener noreferrer\" href=\"https:\/\/cogniquest.eu\/wp-content\/uploads\/2025\/10\/Cogniquest-Poster-2_HR.pdf\"><\/a><\/div><\/div><\/article><article class=\"wpgb-card wpgb-card-2 wpgb-post-1808\" data-col=\"1\" data-row=\"1\" data-format=\"standard\"><div class=\"wpgb-card-wrapper\"><div class=\"wpgb-card-inner resource-teaser\" data-action><div class=\"wpgb-card-media wpgb-scheme-light\"><svg data-ratio style=\"padding-top:141.8%\" viewBox=\"0 0 610 865\" aria-hidden=\"true\"><\/svg><div class=\"wpgb-card-media-thumbnail\"><a href=\"https:\/\/cogniquest.eu\/wp-content\/uploads\/2025\/10\/poster-3_hr.png\" tabindex=\"-1\" class=\"wpgb-handle-lb wpgb-lightbox\" data-type=\"image\" data-rel=\"5\" data-title=\"poster-3_hr\" title=\"Enlarge photo\"><div style=\"background-image:url(https:\/\/cogniquest.eu\/wp-content\/uploads\/2025\/10\/poster-3_hr.png)\"><\/div><noscript><img loading=\"lazy\" decoding=\"async\" class=\"wpgb-noscript-img\" src=\"https:\/\/cogniquest.eu\/wp-content\/uploads\/2025\/10\/poster-3_hr.png\" alt=\"\" height=\"865\" width=\"610\"><\/noscript><\/a><\/div><\/div><div class=\"wpgb-card-content wpgb-scheme-dark\"><div class=\"wpgb-card-body\"><h3 class=\"wpgb-block-1\">Postanite istra\u017eiva\u010d misli!<\/h3><\/div><\/div><a class=\"wpgb-card-layer-link\" target=\"_blank\" rel=\"external noopener noreferrer\" href=\"https:\/\/cogniquest.eu\/wp-content\/uploads\/2025\/10\/Cogniquest-Poster-3_HR.pdf\"><\/a><\/div><\/div><\/article><article class=\"wpgb-card wpgb-card-2 wpgb-post-1807\" data-col=\"1\" data-row=\"1\" data-format=\"standard\"><div class=\"wpgb-card-wrapper\"><div class=\"wpgb-card-inner resource-teaser\" data-action><div class=\"wpgb-card-media wpgb-scheme-light\"><svg data-ratio style=\"padding-top:141.8%\" viewBox=\"0 0 610 865\" aria-hidden=\"true\"><\/svg><div class=\"wpgb-card-media-thumbnail\"><a href=\"https:\/\/cogniquest.eu\/wp-content\/uploads\/2025\/10\/poster-4_hr.png\" tabindex=\"-1\" class=\"wpgb-handle-lb wpgb-lightbox\" data-type=\"image\" data-rel=\"5\" data-title=\"poster-4_hr\" title=\"Enlarge photo\"><div style=\"background-image:url(https:\/\/cogniquest.eu\/wp-content\/uploads\/2025\/10\/poster-4_hr.png)\"><\/div><noscript><img loading=\"lazy\" decoding=\"async\" class=\"wpgb-noscript-img\" src=\"https:\/\/cogniquest.eu\/wp-content\/uploads\/2025\/10\/poster-4_hr.png\" alt=\"\" height=\"865\" width=\"610\"><\/noscript><\/a><\/div><\/div><div class=\"wpgb-card-content wpgb-scheme-dark\"><div class=\"wpgb-card-body\"><h3 class=\"wpgb-block-1\">Metakognicija i stilovi u\u010denja<\/h3><\/div><\/div><a class=\"wpgb-card-layer-link\" target=\"_blank\" rel=\"external noopener noreferrer\" href=\"https:\/\/cogniquest.eu\/wp-content\/uploads\/2025\/10\/Cogniquest-Poster-4_HR.pdf\"><\/a><\/div><\/div><\/article>\t\t<\/div>\n\t<\/div>\n\t<\/div>\n\t<\/div>\n\t\t<\/div>\n<\/div>\n[\/et_pb_code][et_pb_code module_class=&#8221;for-pupils-code&#8221; _builder_version=&#8221;4.27.4&#8243; _module_preset=&#8221;default&#8221; global_colors_info=&#8221;{}&#8221;]<!-- Gridbuilder \u1d42\u1d3e Plugin (https:\/\/wpgridbuilder.com) -->\n<div class=\"wp-grid-builder wpgb-grid-4\" data-options=\"{&quot;id&quot;:4,&quot;type&quot;:&quot;masonry&quot;,&quot;source&quot;:&quot;post_type&quot;,&quot;loader&quot;:false,&quot;layout&quot;:&quot;vertical&quot;,&quot;reveal&quot;:0,&quot;isMainQuery&quot;:0,&quot;lazyLoad&quot;:false,&quot;cardSizes&quot;:{&quot;640&quot;:{&quot;columns&quot;:1,&quot;height&quot;:200,&quot;gutter&quot;:16,&quot;ratio&quot;:&quot;1.33333&quot;}},&quot;fitRows&quot;:false,&quot;equalRows&quot;:0,&quot;equalColumns&quot;:true,&quot;fillLastRow&quot;:0,&quot;centerLastRow&quot;:0,&quot;horizontalOrder&quot;:false,&quot;fullWidth&quot;:false,&quot;transitionDelay&quot;:100,&quot;gallerySlideshow&quot;:false,&quot;rowsNumber&quot;:1,&quot;slideAlign&quot;:&quot;left&quot;,&quot;groupCells&quot;:4,&quot;draggable&quot;:true,&quot;initialIndex&quot;:0,&quot;contain&quot;:false,&quot;freeScroll&quot;:false,&quot;freeFriction&quot;:&quot;0.075&quot;,&quot;friction&quot;:&quot;0.285&quot;,&quot;attraction&quot;:&quot;0.025&quot;,&quot;autoPlay&quot;:0,&quot;pageDotAriaLabel&quot;:&quot;Page dot %d&quot;,&quot;isPreview&quot;:false,&quot;isGutenberg&quot;:false,&quot;rightToLeft&quot;:false}\"><div class=\"wpgb-wrapper\">\n\t<div class=\"wpgb-main\">\n\t<div class=\"wpgb-layout\">\n\t<div class=\"wpgb-viewport\">\n\t\t<div class=\"wpgb-masonry\">\n\t\t\t<article class=\"wpgb-card wpgb-card-3 wpgb-post-2071\" data-col=\"1\" data-row=\"1\" data-format=\"standard\"><div class=\"wpgb-card-wrapper\"><div class=\"wpgb-card-inner resource-teaser m--card-game\" data-action><div class=\"wpgb-card-media wpgb-scheme-light\"><svg data-ratio style=\"padding-top:23.78%\" viewBox=\"0 0 1880 447\" aria-hidden=\"true\"><\/svg><div class=\"wpgb-card-media-thumbnail\"><a href=\"https:\/\/cogniquest.eu\/wp-content\/uploads\/2025\/10\/card-game_hr.png\" tabindex=\"-1\" class=\"wpgb-handle-lb wpgb-lightbox\" data-type=\"image\" data-rel=\"4\" data-title=\"card-game_hr\" title=\"Enlarge photo\"><div style=\"background-image:url(https:\/\/cogniquest.eu\/wp-content\/uploads\/2025\/10\/card-game_hr.png)\"><\/div><noscript><img loading=\"lazy\" decoding=\"async\" class=\"wpgb-noscript-img\" src=\"https:\/\/cogniquest.eu\/wp-content\/uploads\/2025\/10\/card-game_hr.png\" alt=\"\" height=\"447\" width=\"1880\"><\/noscript><\/a><\/div><\/div><div class=\"wpgb-card-content wpgb-scheme-dark\"><div class=\"wpgb-card-body\"><h3 class=\"wpgb-block-1\">Karta\u0161ka igra<\/h3><\/div><\/div><a class=\"wpgb-card-layer-link\" target=\"_blank\" rel=\"external noopener noreferrer\" href=\"https:\/\/cogniquest.eu\/wp-content\/uploads\/2025\/10\/Cogniquest-Card-Game_HR.pdf\"><\/a><\/div><\/div><\/article>\t\t<\/div>\n\t<\/div>\n\t<\/div>\n\t<\/div>\n\t\t<\/div>\n<\/div>\n[\/et_pb_code][et_pb_code _builder_version=&#8221;4.27.4&#8243; _module_preset=&#8221;default&#8221; background_image=&#8221;https:\/\/cogniquest.eu\/wp-content\/uploads\/2025\/10\/quotes_blue.png&#8221; background_size=&#8221;contain&#8221; positioning=&#8221;absolute&#8221; vertical_offset=&#8221;-48px&#8221; horizontal_offset=&#8221;-48px&#8221; width=&#8221;83px&#8221; height=&#8221;64px&#8221; global_colors_info=&#8221;{}&#8221;][\/et_pb_code][et_pb_code _builder_version=&#8221;4.27.4&#8243; _module_preset=&#8221;default&#8221; background_image=&#8221;https:\/\/cogniquest.eu\/wp-content\/uploads\/2024\/08\/Forme-3-bleu.png&#8221; background_size=&#8221;contain&#8221; transform_translate=&#8221;-110%|0px&#8221; transform_translate_linked=&#8221;off&#8221; positioning=&#8221;absolute&#8221; position_origin_a=&#8221;center_left&#8221; width=&#8221;338px&#8221; height=&#8221;215px&#8221; locked=&#8221;off&#8221; global_colors_info=&#8221;{}&#8221;][\/et_pb_code][\/et_pb_column][\/et_pb_row][\/et_pb_section]<\/p>\n","protected":false},"excerpt":{"rendered":"<p>[et_pb_section fb_built=&#8221;1&#8243; _builder_version=&#8221;4.27.4&#8243; _module_preset=&#8221;default&#8221; background_color=&#8221;#FFD402&#8243; custom_padding=&#8221;5%||||false|false&#8221; hover_enabled=&#8221;0&#8243; global_colors_info=&#8221;{}&#8221; sticky_enabled=&#8221;0&#8243;][et_pb_row _builder_version=&#8221;4.27.4&#8243; _module_preset=&#8221;default&#8221; width=&#8221;90%&#8221; max_width=&#8221;1280px&#8221; custom_margin=&#8221;||||false|false&#8221; global_colors_info=&#8221;{}&#8221;][et_pb_column type=&#8221;4_4&#8243; _builder_version=&#8221;4.27.4&#8243; _module_preset=&#8221;default&#8221; global_colors_info=&#8221;{}&#8221;][et_pb_text _builder_version=&#8221;4.27.4&#8243; _module_preset=&#8221;default&#8221; header_font_size=&#8221;2.5rem&#8221; header_2_font_size=&#8221;2.5rem&#8221; global_colors_info=&#8221;{}&#8221;] Razmisliti [\/et_pb_text][et_pb_code module_class=&#8221;for-pupils-code&#8221; _builder_version=&#8221;4.27.4&#8243; _module_preset=&#8221;default&#8221; global_colors_info=&#8221;{}&#8221;][\/et_pb_code][et_pb_code module_class=&#8221;for-pupils-code&#8221; _builder_version=&#8221;4.27.4&#8243; _module_preset=&#8221;default&#8221; global_colors_info=&#8221;{}&#8221;][\/et_pb_code][et_pb_code _builder_version=&#8221;4.27.4&#8243; _module_preset=&#8221;default&#8221; background_image=&#8221;https:\/\/cogniquest.eu\/wp-content\/uploads\/2025\/10\/quotes_blue.png&#8221; background_size=&#8221;contain&#8221; positioning=&#8221;absolute&#8221; vertical_offset=&#8221;-48px&#8221; horizontal_offset=&#8221;-48px&#8221; width=&#8221;83px&#8221; height=&#8221;64px&#8221; global_colors_info=&#8221;{}&#8221;][\/et_pb_code][et_pb_code _builder_version=&#8221;4.27.4&#8243; _module_preset=&#8221;default&#8221; background_image=&#8221;https:\/\/cogniquest.eu\/wp-content\/uploads\/2024\/08\/Forme-3-bleu.png&#8221; background_size=&#8221;contain&#8221; transform_translate=&#8221;-110%|0px&#8221; transform_translate_linked=&#8221;off&#8221; positioning=&#8221;absolute&#8221; position_origin_a=&#8221;center_left&#8221; width=&#8221;338px&#8221; height=&#8221;215px&#8221; locked=&#8221;off&#8221; [&hellip;]<\/p>\n","protected":false},"author":2,"featured_media":0,"parent":2658,"menu_order":0,"comment_status":"closed","ping_status":"closed","template":"","meta":{"_acf_changed":false,"_et_pb_use_builder":"on","_et_pb_old_content":"","_et_gb_content_width":"","footnotes":""},"class_list":["post-2661","page","type-page","status-publish","hentry"],"acf":[],"_links":{"self":[{"href":"https:\/\/cogniquest.eu\/hr\/wp-json\/wp\/v2\/pages\/2661","targetHints":{"allow":["GET"]}}],"collection":[{"href":"https:\/\/cogniquest.eu\/hr\/wp-json\/wp\/v2\/pages"}],"about":[{"href":"https:\/\/cogniquest.eu\/hr\/wp-json\/wp\/v2\/types\/page"}],"author":[{"embeddable":true,"href":"https:\/\/cogniquest.eu\/hr\/wp-json\/wp\/v2\/users\/2"}],"replies":[{"embeddable":true,"href":"https:\/\/cogniquest.eu\/hr\/wp-json\/wp\/v2\/comments?post=2661"}],"version-history":[{"count":2,"href":"https:\/\/cogniquest.eu\/hr\/wp-json\/wp\/v2\/pages\/2661\/revisions"}],"predecessor-version":[{"id":2663,"href":"https:\/\/cogniquest.eu\/hr\/wp-json\/wp\/v2\/pages\/2661\/revisions\/2663"}],"up":[{"embeddable":true,"href":"https:\/\/cogniquest.eu\/hr\/wp-json\/wp\/v2\/pages\/2658"}],"wp:attachment":[{"href":"https:\/\/cogniquest.eu\/hr\/wp-json\/wp\/v2\/media?parent=2661"}],"curies":[{"name":"wp","href":"https:\/\/api.w.org\/{rel}","templated":true}]}}