{"id":706,"date":"2024-07-12T09:39:44","date_gmt":"2024-07-12T09:39:44","guid":{"rendered":"https:\/\/cogniquest.eu\/le-projet\/"},"modified":"2024-11-12T15:33:19","modified_gmt":"2024-11-12T15:33:19","slug":"le-projet","status":"publish","type":"page","link":"https:\/\/cogniquest.eu\/fr\/pour-les-enseignants\/le-projet\/","title":{"rendered":"Le projet"},"content":{"rendered":"<p>[et_pb_section fb_built=\u00a0\u00bb1&Prime; _builder_version=\u00a0\u00bb4.27.0&Prime; _module_preset=\u00a0\u00bbdefault\u00a0\u00bb custom_padding=\u00a0\u00bb||||false|false\u00a0\u00bb global_colors_info=\u00a0\u00bb{}\u00a0\u00bb theme_builder_area=\u00a0\u00bbpost_content\u00a0\u00bb][et_pb_row _builder_version=\u00a0\u00bb4.27.0&Prime; _module_preset=\u00a0\u00bbdefault\u00a0\u00bb global_colors_info=\u00a0\u00bb{}\u00a0\u00bb theme_builder_area=\u00a0\u00bbpost_content\u00a0\u00bb][et_pb_column type=\u00a0\u00bb4_4&Prime; _builder_version=\u00a0\u00bb4.27.0&Prime; _module_preset=\u00a0\u00bbdefault\u00a0\u00bb global_colors_info=\u00a0\u00bb{}\u00a0\u00bb theme_builder_area=\u00a0\u00bbpost_content\u00a0\u00bb][et_pb_post_title meta=\u00a0\u00bboff\u00a0\u00bb featured_image=\u00a0\u00bboff\u00a0\u00bb _builder_version=\u00a0\u00bb4.27.0&Prime; _module_preset=\u00a0\u00bbdefault\u00a0\u00bb title_font=\u00a0\u00bb||||||||\u00a0\u00bb title_text_color=\u00a0\u00bb#000000&Prime; title_font_size=\u00a0\u00bb3.5em\u00a0\u00bb hover_enabled=\u00a0\u00bb0&Prime; global_colors_info=\u00a0\u00bb{}\u00a0\u00bb theme_builder_area=\u00a0\u00bbpost_content\u00a0\u00bb sticky_enabled=\u00a0\u00bb0&Prime;][\/et_pb_post_title][\/et_pb_column][\/et_pb_row][et_pb_row column_structure=\u00a0\u00bb3_5,2_5&Prime; use_custom_gutter=\u00a0\u00bbon\u00a0\u00bb make_equal=\u00a0\u00bbon\u00a0\u00bb _builder_version=\u00a0\u00bb4.27.0&Prime; _module_preset=\u00a0\u00bbdefault\u00a0\u00bb locked=\u00a0\u00bboff\u00a0\u00bb global_colors_info=\u00a0\u00bb{}\u00a0\u00bb theme_builder_area=\u00a0\u00bbpost_content\u00a0\u00bb][et_pb_column type=\u00a0\u00bb3_5&Prime; _builder_version=\u00a0\u00bb4.27.0&Prime; _module_preset=\u00a0\u00bbdefault\u00a0\u00bb global_colors_info=\u00a0\u00bb{}\u00a0\u00bb theme_builder_area=\u00a0\u00bbpost_content\u00a0\u00bb][et_pb_text _builder_version=\u00a0\u00bb4.27.0&Prime; _module_preset=\u00a0\u00bbdefault\u00a0\u00bb text_font=\u00a0\u00bb|300|||||||\u00a0\u00bb text_text_color=\u00a0\u00bb#000000&Prime; text_font_size=\u00a0\u00bb1em\u00a0\u00bb header_2_text_color=\u00a0\u00bb#000000&Prime; header_2_font_size=\u00a0\u00bb1.8em\u00a0\u00bb header_2_line_height=\u00a0\u00bb1.2em\u00a0\u00bb hover_enabled=\u00a0\u00bb0&Prime; global_colors_info=\u00a0\u00bb{}\u00a0\u00bb theme_builder_area=\u00a0\u00bbpost_content\u00a0\u00bb sticky_enabled=\u00a0\u00bb0&Prime;]<\/p>\n<p>Le projet CogniQuest a pour ambition d&rsquo;aider les \u00e9l\u00e8ves \u00e0 d\u00e9velopper leurs comp\u00e9tences m\u00e9tacognitives avec le soutien des enseignants et des professionnels de l&rsquo;\u00e9ducation. La m\u00e9tacognition consiste \u00e0 r\u00e9fl\u00e9chir sur son propre apprentissage et \u00e0 savoir le g\u00e9rer, ce qui est crucial pour apprendre de mani\u00e8re efficace et d\u00e9velopper une pens\u00e9e critique. En offrant aux \u00e9l\u00e8ves des strat\u00e9gies m\u00e9tacognitives, ils deviennent <strong>plus autonomes dans leur apprentissage<\/strong>, ce qui am\u00e9liore leurs r\u00e9sultats scolaires et leur bien-\u00eatre.  <\/p>\n<p>Des \u00e9tudes montrent que l\u2019enseignement de la m\u00e9tacognition en classe a un <strong>impact positif sur les r\u00e9sultats des \u00e9l\u00e8ves et soutient les comp\u00e9tences cl\u00e9s <\/strong>recommand\u00e9es par le Conseil de l&rsquo;Union europ\u00e9enne. CogniQuest fournira aux enseignants des ressources pr\u00eates \u00e0 l&#8217;emploi pour int\u00e9grer ces strat\u00e9gies dans leurs classes. Les enseignants aideront les \u00e9l\u00e8ves \u00e0 d\u00e9couvrir leurs propres m\u00e9thodes et routines d&rsquo;apprentissage, favorisant ainsi leur autonomie et leur confiance.  <\/p>\n<p>Les ressources du projet incluent :<\/p>\n<ul>\n<li>4 guides p\u00e9dagogiques pour les enseignants ;<\/li>\n<li>10 histoires pour les \u00e9l\u00e8ves ;<\/li>\n<li>Une bo\u00eete \u00e0 outils compl\u00e8te avec 60 m\u00e9thodes et outils de r\u00e9flexion.<\/li>\n<\/ul>\n<p>En reconnaissant et en valorisant les diff\u00e9rentes fa\u00e7ons d\u2019apprendre, les \u00e9l\u00e8ves gagnent en confiance et r\u00e9duisent le risque de d\u00e9crochage scolaire. Cette approche ne se contente pas d\u2019am\u00e9liorer les r\u00e9sultats scolaires, elle pr\u00e9pare aussi les \u00e9l\u00e8ves \u00e0 r\u00e9ussir dans un monde du travail en constante \u00e9volution. <\/p>\n<p>En int\u00e9grant les strat\u00e9gies m\u00e9tacognitives dans l\u2019enseignement, le projet vise \u00e0 rendre l\u2019apprentissage plus inclusif et accessible pour tous.<\/p>\n<p>[\/et_pb_text][\/et_pb_column][et_pb_column type=\u00a0\u00bb2_5&Prime; _builder_version=\u00a0\u00bb4.27.0&Prime; _module_preset=\u00a0\u00bbdefault\u00a0\u00bb global_colors_info=\u00a0\u00bb{}\u00a0\u00bb theme_builder_area=\u00a0\u00bbpost_content\u00a0\u00bb][et_pb_image src=\u00a0\u00bbhttps:\/\/cogniquest.eu\/wp-content\/uploads\/2024\/07\/Groupe-642.png\u00a0\u00bb title_text=\u00a0\u00bbGroupe 642&Prime; _builder_version=\u00a0\u00bb4.27.0&Prime; _module_preset=\u00a0\u00bbdefault\u00a0\u00bb custom_margin=\u00a0\u00bb||40px||false|false\u00a0\u00bb hover_enabled=\u00a0\u00bb0&Prime; global_colors_info=\u00a0\u00bb{}\u00a0\u00bb theme_builder_area=\u00a0\u00bbpost_content\u00a0\u00bb sticky_enabled=\u00a0\u00bb0&Prime;][\/et_pb_image][\/et_pb_column][\/et_pb_row][\/et_pb_section]<\/p>\n","protected":false},"excerpt":{"rendered":"<p>Le projet CogniQuest a pour ambition d&rsquo;aider les \u00e9l\u00e8ves \u00e0 d\u00e9velopper leurs comp\u00e9tences m\u00e9tacognitives avec le soutien des enseignants et des professionnels de l&rsquo;\u00e9ducation. La m\u00e9tacognition consiste \u00e0 r\u00e9fl\u00e9chir sur son propre apprentissage et \u00e0 savoir le g\u00e9rer, ce qui est crucial pour apprendre de mani\u00e8re efficace et d\u00e9velopper une pens\u00e9e critique. En offrant aux [&hellip;]<\/p>\n","protected":false},"author":2,"featured_media":0,"parent":721,"menu_order":0,"comment_status":"closed","ping_status":"closed","template":"","meta":{"_acf_changed":false,"_et_pb_use_builder":"on","_et_pb_old_content":"","_et_gb_content_width":"","footnotes":""},"class_list":["post-706","page","type-page","status-publish","hentry"],"acf":[],"_links":{"self":[{"href":"https:\/\/cogniquest.eu\/fr\/wp-json\/wp\/v2\/pages\/706","targetHints":{"allow":["GET"]}}],"collection":[{"href":"https:\/\/cogniquest.eu\/fr\/wp-json\/wp\/v2\/pages"}],"about":[{"href":"https:\/\/cogniquest.eu\/fr\/wp-json\/wp\/v2\/types\/page"}],"author":[{"embeddable":true,"href":"https:\/\/cogniquest.eu\/fr\/wp-json\/wp\/v2\/users\/2"}],"replies":[{"embeddable":true,"href":"https:\/\/cogniquest.eu\/fr\/wp-json\/wp\/v2\/comments?post=706"}],"version-history":[{"count":2,"href":"https:\/\/cogniquest.eu\/fr\/wp-json\/wp\/v2\/pages\/706\/revisions"}],"predecessor-version":[{"id":708,"href":"https:\/\/cogniquest.eu\/fr\/wp-json\/wp\/v2\/pages\/706\/revisions\/708"}],"up":[{"embeddable":true,"href":"https:\/\/cogniquest.eu\/fr\/wp-json\/wp\/v2\/pages\/721"}],"wp:attachment":[{"href":"https:\/\/cogniquest.eu\/fr\/wp-json\/wp\/v2\/media?parent=706"}],"curies":[{"name":"wp","href":"https:\/\/api.w.org\/{rel}","templated":true}]}}