{"id":1224,"date":"2024-07-12T09:40:24","date_gmt":"2024-07-12T09:40:24","guid":{"rendered":"https:\/\/cogniquest.eu\/%ce%b3%ce%b9%ce%b1-%ce%b5%ce%ba%cf%80%ce%b1%ce%b9%ce%b4%ce%b5%cf%85%cf%84%ce%b9%ce%ba%ce%bf%cf%8d%cf%82\/%ce%bf%ce%b9-%ce%bf%ce%b4%ce%b7%ce%b3%ce%bf%ce%af-%ce%bc%ce%b1%cf%82\/"},"modified":"2025-12-11T15:12:30","modified_gmt":"2025-12-11T15:12:30","slug":"%ce%bf%ce%b9-%ce%bf%ce%b4%ce%b7%ce%b3%ce%bf%ce%af-%ce%bc%ce%b1%cf%82","status":"publish","type":"page","link":"https:\/\/cogniquest.eu\/el\/%ce%b3%ce%b9%ce%b1-%ce%b5%ce%ba%cf%80%ce%b1%ce%b9%ce%b4%ce%b5%cf%85%cf%84%ce%b9%ce%ba%ce%bf%cf%8d%cf%82\/%ce%bf%ce%b9-%ce%bf%ce%b4%ce%b7%ce%b3%ce%bf%ce%af-%ce%bc%ce%b1%cf%82\/","title":{"rendered":"\u039f\u03b9 \u039f\u03b4\u03b7\u03b3\u03bf\u03af \u03bc\u03b1\u03c2"},"content":{"rendered":"<p>[et_pb_section fb_built=&#8221;1&#8243; _builder_version=&#8221;4.27.0&#8243; _module_preset=&#8221;default&#8221; custom_padding=&#8221;||||false|false&#8221; global_colors_info=&#8221;{}&#8221;][et_pb_row _builder_version=&#8221;4.27.0&#8243; _module_preset=&#8221;default&#8221; global_colors_info=&#8221;{}&#8221;][et_pb_column type=&#8221;4_4&#8243; _builder_version=&#8221;4.27.0&#8243; _module_preset=&#8221;default&#8221; global_colors_info=&#8221;{}&#8221;][et_pb_post_title meta=&#8221;off&#8221; featured_image=&#8221;off&#8221; _builder_version=&#8221;4.27.0&#8243; _module_preset=&#8221;default&#8221; title_font=&#8221;||||||||&#8221; title_text_color=&#8221;#000000&#8243; title_font_size=&#8221;3.5em&#8221; global_colors_info=&#8221;{}&#8221;][\/et_pb_post_title][\/et_pb_column][\/et_pb_row][et_pb_row column_structure=&#8221;1_2,1_2&#8243; _builder_version=&#8221;4.27.0&#8243; _module_preset=&#8221;default&#8221; global_colors_info=&#8221;{}&#8221;][et_pb_column type=&#8221;1_2&#8243; _builder_version=&#8221;4.27.0&#8243; _module_preset=&#8221;default&#8221; background_color=&#8221;#EB601C&#8221; background_image=&#8221;https:\/\/cogniquest.eu\/wp-content\/uploads\/2024\/08\/Groupe-623.png&#8221; background_size=&#8221;custom&#8221; background_image_width=&#8221;30%&#8221; background_position=&#8221;top_right&#8221; background_horizontal_offset=&#8221;3%&#8221; background_vertical_offset=&#8221;9%&#8221; global_colors_info=&#8221;{}&#8221;][et_pb_image src=&#8221;https:\/\/cogniquest.eu\/wp-content\/uploads\/2025\/05\/teacher-guide_el-scaled.jpg&#8221; title_text=&#8221;teacher-guide_el&#8221; url=&#8221;https:\/\/cogniquest.eu\/wp-content\/uploads\/2025\/07\/Cogniquest_Teaching-Guide_EL.pdf&#8221; url_new_window=&#8221;on&#8221; show_bottom_space=&#8221;off&#8221; align=&#8221;center&#8221; _builder_version=&#8221;4.27.4&#8243; _module_preset=&#8221;default&#8221; background_enable_color=&#8221;off&#8221; width=&#8221;60%&#8221; module_alignment=&#8221;center&#8221; custom_margin=&#8221;30px||30px||true|false&#8221; box_shadow_style=&#8221;preset2&#8243; box_shadow_horizontal=&#8221;15px&#8221; global_colors_info=&#8221;{}&#8221;][\/et_pb_image][et_pb_button button_url=&#8221;https:\/\/cogniquest.eu\/wp-content\/uploads\/2025\/07\/Cogniquest_Teaching-Guide_EL.pdf&#8221; url_new_window=&#8221;on&#8221; button_text=&#8221;\u039b\u03ae\u03c8\u03b7&#8221; _builder_version=&#8221;4.27.4&#8243; _module_preset=&#8221;default&#8221; custom_button=&#8221;on&#8221; button_text_size=&#8221;1em&#8221; button_text_color=&#8221;#000000&#8243; button_bg_color=&#8221;#FFFFFF&#8221; button_border_width=&#8221;0px&#8221; button_border_radius=&#8221;25px&#8221; button_use_icon=&#8221;off&#8221; positioning=&#8221;absolute&#8221; position_origin_f=&#8221;center_center&#8221; vertical_offset=&#8221;15px&#8221; horizontal_offset=&#8221;15px&#8221; custom_padding=&#8221;|25px||25px|false|true&#8221; global_colors_info=&#8221;{}&#8221;][\/et_pb_button][et_pb_text _builder_version=&#8221;4.27.0&#8243; _module_preset=&#8221;default&#8221; text_font=&#8221;|300|||||||&#8221; text_text_color=&#8221;#000000&#8243; text_font_size=&#8221;1em&#8221; header_2_text_color=&#8221;#000000&#8243; header_2_font_size=&#8221;1.8em&#8221; header_2_line_height=&#8221;1.5em&#8221; background_color=&#8221;#FFFFFF&#8221; custom_margin=&#8221;||||false|false&#8221; custom_padding=&#8221;30px||||false|false&#8221; global_colors_info=&#8221;{}&#8221;]<\/p>\n<h2>\u03a0\u03b1\u03b9\u03b4\u03b1\u03b3\u03c9\u03b3\u03b9\u03ba\u03cc\u03c2 \u03bf\u03b4\u03b7\u03b3\u03cc\u03c2<\/h2>\n<p>\u0391\u03c5\u03c4\u03cc\u03c2 \u03bf \u03b8\u03b5\u03c9\u03c1\u03b7\u03c4\u03b9\u03ba\u03cc\u03c2 \u03bf\u03b4\u03b7\u03b3\u03cc\u03c2 \u03c0\u03c1\u03bf\u03c9\u03b8\u03b5\u03af \u03c4\u03b7 \u03c3\u03b7\u03bc\u03b1\u03c3\u03af\u03b1 \u03c4\u03c9\u03bd \u03bc\u03b5\u03c4\u03b1\u03b3\u03bd\u03c9\u03c3\u03c4\u03b9\u03ba\u03ce\u03bd \u03c3\u03c4\u03c1\u03b1\u03c4\u03b7\u03b3\u03b9\u03ba\u03ce\u03bd \u03c3\u03c4\u03b7\u03bd \u03b5\u03ba\u03c0\u03b1\u03af\u03b4\u03b5\u03c5\u03c3\u03b7, \u03b2\u03bf\u03b7\u03b8\u03ce\u03bd\u03c4\u03b1\u03c2 \u03c4\u03bf\u03c5\u03c2 \u03b5\u03ba\u03c0\u03b1\u03b9\u03b4\u03b5\u03c5\u03c4\u03b9\u03ba\u03bf\u03cd\u03c2 \u03bd\u03b1 \u03ba\u03b1\u03c4\u03b1\u03bd\u03bf\u03ae\u03c3\u03bf\u03c5\u03bd \u03c4\u03b1 \u03b4\u03b9\u03b1\u03c6\u03bf\u03c1\u03b5\u03c4\u03b9\u03ba\u03ac \u03bc\u03b1\u03b8\u03b7\u03c3\u03b9\u03b1\u03ba\u03ac \u03bc\u03bf\u03bd\u03bf\u03c0\u03ac\u03c4\u03b9\u03b1 \u03c4\u03c9\u03bd \u03bc\u03b1\u03b8\u03b7\u03c4\u03ce\u03bd \u03ba\u03b1\u03b9 \u03c4\u03b7 \u03c3\u03b7\u03bc\u03b1\u03c3\u03af\u03b1 \u03c4\u03c9\u03bd \u03b5\u03be\u03b1\u03c4\u03bf\u03bc\u03b9\u03ba\u03b5\u03c5\u03bc\u03ad\u03bd\u03c9\u03bd \u03b1\u03c4\u03bf\u03bc\u03b9\u03ba\u03ce\u03bd \u03b4\u03b9\u03b1\u03b4\u03b9\u03ba\u03b1\u03c3\u03b9\u03ce\u03bd \u03bc\u03ac\u03b8\u03b7\u03c3\u03b7\u03c2 \u03b3\u03b9\u03b1 \u03b1\u03c5\u03be\u03b7\u03bc\u03ad\u03bd\u03b7 \u03c0\u03b1\u03c1\u03b1\u03b3\u03c9\u03b3\u03b9\u03ba\u03cc\u03c4\u03b7\u03c4\u03b1 \u03ba\u03b1\u03b9 \u03b1\u03c0\u03bf\u03c4\u03b5\u03bb\u03b5\u03c3\u03bc\u03b1\u03c4\u03b9\u03ba\u03cc\u03c4\u03b7\u03c4\u03b1.<\/p>\n<p>[\/et_pb_text][\/et_pb_column][et_pb_column type=&#8221;1_2&#8243; _builder_version=&#8221;4.27.0&#8243; _module_preset=&#8221;default&#8221; background_color=&#8221;#325EA9&#8243; background_image=&#8221;https:\/\/cogniquest.eu\/wp-content\/uploads\/2024\/08\/Groupe-623.png&#8221; background_size=&#8221;custom&#8221; background_image_width=&#8221;30%&#8221; background_position=&#8221;top_left&#8221; background_horizontal_offset=&#8221;3%&#8221; background_vertical_offset=&#8221;57%&#8221; global_colors_info=&#8221;{}&#8221;][et_pb_image src=&#8221;https:\/\/cogniquest.eu\/wp-content\/uploads\/2025\/07\/practical-guide_el.jpg&#8221; title_text=&#8221;practical-guide_el&#8221; url=&#8221;https:\/\/cogniquest.eu\/wp-content\/uploads\/2025\/07\/Cogniquest_Practical-Guide_EL.pdf&#8221; url_new_window=&#8221;on&#8221; show_bottom_space=&#8221;off&#8221; align=&#8221;center&#8221; _builder_version=&#8221;4.27.4&#8243; _module_preset=&#8221;default&#8221; background_enable_color=&#8221;off&#8221; width=&#8221;60%&#8221; module_alignment=&#8221;center&#8221; custom_margin=&#8221;30px||30px||true|false&#8221; box_shadow_style=&#8221;preset2&#8243; box_shadow_horizontal=&#8221;15px&#8221; global_colors_info=&#8221;{}&#8221;][\/et_pb_image][et_pb_button button_url=&#8221;https:\/\/cogniquest.eu\/wp-content\/uploads\/2025\/07\/Cogniquest_Practical-Guide_EL.pdf&#8221; url_new_window=&#8221;on&#8221; button_text=&#8221;\u039b\u03ae\u03c8\u03b7&#8221; _builder_version=&#8221;4.27.4&#8243; _module_preset=&#8221;default&#8221; custom_button=&#8221;on&#8221; button_text_size=&#8221;1em&#8221; button_text_color=&#8221;#000000&#8243; button_bg_color=&#8221;#FFFFFF&#8221; button_border_width=&#8221;0px&#8221; button_border_radius=&#8221;25px&#8221; button_use_icon=&#8221;off&#8221; positioning=&#8221;absolute&#8221; position_origin_f=&#8221;center_center&#8221; vertical_offset=&#8221;15px&#8221; horizontal_offset=&#8221;15px&#8221; custom_padding=&#8221;|25px||25px|false|true&#8221; global_colors_info=&#8221;{}&#8221;][\/et_pb_button][et_pb_text _builder_version=&#8221;4.27.0&#8243; _module_preset=&#8221;default&#8221; text_font=&#8221;|300|||||||&#8221; text_text_color=&#8221;#000000&#8243; text_font_size=&#8221;1em&#8221; header_2_text_color=&#8221;#000000&#8243; header_2_font_size=&#8221;1.8em&#8221; header_2_line_height=&#8221;1.5em&#8221; background_color=&#8221;#FFFFFF&#8221; custom_margin=&#8221;||||false|false&#8221; custom_padding=&#8221;30px||||false|false&#8221; global_colors_info=&#8221;{}&#8221;]<\/p>\n<h2>\u03a0\u03c1\u03b1\u03ba\u03c4\u03b9\u03ba\u03cc\u03c2 \u03bf\u03b4\u03b7\u03b3\u03cc\u03c2<\/h2>\n<p>\u039f \u03c0\u03c1\u03b1\u03ba\u03c4\u03b9\u03ba\u03cc\u03c2 \u03bf\u03b4\u03b7\u03b3\u03cc\u03c2 \u03c0\u03b1\u03c1\u03ad\u03c7\u03b5\u03b9 \u03c3\u03b5 \u03b4\u03b1\u03c3\u03ba\u03ac\u03bb\u03bf\u03c5\u03c2 \u03ba\u03b1\u03b9 \u03b5\u03c0\u03b1\u03b3\u03b3\u03b5\u03bb\u03bc\u03b1\u03c4\u03af\u03b5\u03c2 \u03c0\u03c1\u03b1\u03ba\u03c4\u03b9\u03ba\u03ad\u03c2 \u03bc\u03b5\u03b8\u03cc\u03b4\u03bf\u03c5\u03c2 \u03ba\u03b1\u03b9 \u03bc\u03b5\u03c4\u03b1\u03b3\u03bd\u03c9\u03c3\u03c4\u03b9\u03ba\u03ad\u03c2 \u03c3\u03c4\u03c1\u03b1\u03c4\u03b7\u03b3\u03b9\u03ba\u03ad\u03c2 \u03c3\u03c4\u03b7\u03bd \u03c4\u03ac\u03be\u03b7 \u03b3\u03b9\u03b1 \u03bd\u03b1 \u03c4\u03bf\u03c5\u03c2 \u03c5\u03c0\u03bf\u03c3\u03c4\u03b7\u03c1\u03af\u03be\u03b5\u03b9 \u03c3\u03c4\u03b7\u03bd \u03c0\u03c1\u03bf\u03ce\u03b8\u03b7\u03c3\u03b7 \u03c0\u03b9\u03bf \u03b5\u03c0\u03b9\u03c4\u03c5\u03c7\u03b7\u03bc\u03ad\u03bd\u03c9\u03bd \u03ba\u03b1\u03b9 \u03b1\u03bd\u03b5\u03be\u03ac\u03c1\u03c4\u03b7\u03c4\u03c9\u03bd \u03bc\u03b1\u03b8\u03b7\u03c4\u03ce\u03bd.<\/p>\n<p>[\/et_pb_text][\/et_pb_column][\/et_pb_row][et_pb_row column_structure=&#8221;1_2,1_2&#8243; _builder_version=&#8221;4.27.0&#8243; _module_preset=&#8221;default&#8221; global_colors_info=&#8221;{}&#8221;][et_pb_column type=&#8221;1_2&#8243; _builder_version=&#8221;4.27.0&#8243; _module_preset=&#8221;default&#8221; background_color=&#8221;#41AD4B&#8221; background_image=&#8221;https:\/\/cogniquest.eu\/wp-content\/uploads\/2024\/09\/Fichier-1.png&#8221; background_size=&#8221;custom&#8221; background_image_width=&#8221;30%&#8221; background_position=&#8221;top_left&#8221; background_horizontal_offset=&#8221;11%&#8221; background_vertical_offset=&#8221;44%&#8221; global_colors_info=&#8221;{}&#8221;][et_pb_image src=&#8221;https:\/\/cogniquest.eu\/wp-content\/uploads\/2025\/06\/creation-guide_el-1.jpg&#8221; title_text=&#8221;creation-guide_en&#8221; url=&#8221;https:\/\/cogniquest.eu\/wp-content\/uploads\/2025\/07\/Cogniquest_Creation-Guide_EL-2.pdf&#8221; url_new_window=&#8221;on&#8221; show_bottom_space=&#8221;off&#8221; align=&#8221;center&#8221; _builder_version=&#8221;4.27.4&#8243; _module_preset=&#8221;default&#8221; background_enable_color=&#8221;off&#8221; width=&#8221;60%&#8221; module_alignment=&#8221;center&#8221; custom_margin=&#8221;30px||30px||true|false&#8221; box_shadow_style=&#8221;preset2&#8243; box_shadow_horizontal=&#8221;15px&#8221; global_colors_info=&#8221;{}&#8221;][\/et_pb_image][et_pb_button button_url=&#8221;https:\/\/cogniquest.eu\/wp-content\/uploads\/2025\/07\/Cogniquest_Creation-Guide_EL-2.pdf&#8221; url_new_window=&#8221;on&#8221; button_text=&#8221;\u039b\u03ae\u03c8\u03b7&#8221; _builder_version=&#8221;4.27.4&#8243; _module_preset=&#8221;default&#8221; custom_button=&#8221;on&#8221; button_text_size=&#8221;1em&#8221; button_text_color=&#8221;#000000&#8243; button_bg_color=&#8221;#FFFFFF&#8221; button_border_width=&#8221;0px&#8221; button_border_radius=&#8221;25px&#8221; button_use_icon=&#8221;off&#8221; positioning=&#8221;absolute&#8221; position_origin_f=&#8221;center_center&#8221; vertical_offset=&#8221;15px&#8221; horizontal_offset=&#8221;15px&#8221; custom_padding=&#8221;|25px||25px|false|true&#8221; global_colors_info=&#8221;{}&#8221;][\/et_pb_button][et_pb_text _builder_version=&#8221;4.27.0&#8243; _module_preset=&#8221;default&#8221; text_font=&#8221;|300|||||||&#8221; text_text_color=&#8221;#000000&#8243; text_font_size=&#8221;1em&#8221; header_2_text_color=&#8221;#000000&#8243; header_2_font_size=&#8221;1.8em&#8221; header_2_line_height=&#8221;1.5em&#8221; background_color=&#8221;#FFFFFF&#8221; custom_margin=&#8221;||||false|false&#8221; custom_padding=&#8221;30px||||false|false&#8221; global_colors_info=&#8221;{}&#8221;]<\/p>\n<h2>\u039f\u03b4\u03b7\u03b3\u03cc\u03c2 \u03b4\u03b7\u03bc\u03b9\u03bf\u03c5\u03c1\u03b3\u03af\u03b1\u03c2<\/h2>\n<p>\u039f \u03bf\u03b4\u03b7\u03b3\u03cc\u03c2 \u03b4\u03b7\u03bc\u03b9\u03bf\u03c5\u03c1\u03b3\u03af\u03b1\u03c2 \u03c0\u03b1\u03c1\u03ad\u03c7\u03b5\u03b9 \u03ba\u03b1\u03bb\u03cd\u03c4\u03b5\u03c1\u03b7 \u03ba\u03b1\u03c4\u03b1\u03bd\u03cc\u03b7\u03c3\u03b7 \u03c3\u03c7\u03b5\u03c4\u03b9\u03ba\u03ac \u03bc\u03b5 \u03c4\u03b7 \u03b4\u03b7\u03bc\u03b9\u03bf\u03c5\u03c1\u03b3\u03af\u03b1 \u03b5\u03c1\u03b3\u03b1\u03bb\u03b5\u03af\u03c9\u03bd \u03bc\u03ac\u03b8\u03b7\u03c3\u03b7\u03c2 \u03c0\u03bf\u03c5 \u03b2\u03b1\u03c3\u03af\u03b6\u03bf\u03bd\u03c4\u03b1\u03b9 \u03c3\u03c4\u03b7 \u03c3\u03c5\u03bc\u03c0\u03b5\u03c1\u03af\u03bb\u03b7\u03c8\u03b7 \u03ba\u03b1\u03b9 \u03ad\u03c7\u03bf\u03c5\u03bd \u03c0\u03b1\u03b9\u03b3\u03bd\u03b9\u03ce\u03b4\u03b7 \u03bc\u03bf\u03c1\u03c6\u03ae, \u03b5\u03bd\u03ce \u03c0\u03b1\u03c1\u03ac\u03bb\u03bb\u03b7\u03bb\u03b1 \u03c5\u03c0\u03bf\u03c3\u03c4\u03b7\u03c1\u03af\u03b6\u03b5\u03b9 \u03b5\u03c0\u03b1\u03b3\u03b3\u03b5\u03bb\u03bc\u03b1\u03c4\u03af\u03b5\u03c2 \u03c3\u03c4\u03b7\u03bd \u03c0\u03b1\u03c1\u03b1\u03b3\u03c9\u03b3\u03ae \u03ba\u03b1\u03b9 \u03c0\u03c1\u03bf\u03c3\u03b1\u03c1\u03bc\u03bf\u03b3\u03ae \u03c4\u03c9\u03bd \u03c5\u03c0\u03b1\u03c1\u03c7\u03cc\u03bd\u03c4\u03c9\u03bd \u03b5\u03c1\u03b3\u03b1\u03bb\u03b5\u03af\u03c9\u03bd.<\/p>\n<p>[\/et_pb_text][\/et_pb_column][et_pb_column type=&#8221;1_2&#8243; _builder_version=&#8221;4.27.0&#8243; _module_preset=&#8221;default&#8221; background_color=&#8221;#FFD402&#8243; background_image=&#8221;https:\/\/cogniquest.eu\/wp-content\/uploads\/2024\/09\/Fichier-1.png&#8221; background_size=&#8221;custom&#8221; background_image_width=&#8221;30%&#8221; background_position=&#8221;top_right&#8221; background_horizontal_offset=&#8221;2%&#8221; background_vertical_offset=&#8221;10%&#8221; global_colors_info=&#8221;{}&#8221;][et_pb_image src=&#8221;https:\/\/cogniquest.eu\/wp-content\/uploads\/2025\/12\/implementation-guide_el.png&#8221; title_text=&#8221;implementation-guide_el&#8221; url=&#8221;https:\/\/cogniquest.eu\/wp-content\/uploads\/2025\/12\/Cogniquest_Implementation-Guide_EL.pdf&#8221; url_new_window=&#8221;on&#8221; show_bottom_space=&#8221;off&#8221; align=&#8221;center&#8221; _builder_version=&#8221;4.27.4&#8243; _module_preset=&#8221;default&#8221; background_enable_color=&#8221;off&#8221; width=&#8221;60%&#8221; module_alignment=&#8221;center&#8221; custom_margin=&#8221;30px||30px||true|false&#8221; box_shadow_style=&#8221;preset2&#8243; box_shadow_horizontal=&#8221;15px&#8221; global_colors_info=&#8221;{}&#8221;][\/et_pb_image][et_pb_button button_url=&#8221;https:\/\/cogniquest.eu\/wp-content\/uploads\/2025\/12\/Cogniquest_Implementation-Guide_EL.pdf&#8221; url_new_window=&#8221;on&#8221; button_text=&#8221;\u039b\u03ae\u03c8\u03b7&#8221; _builder_version=&#8221;4.27.4&#8243; _module_preset=&#8221;default&#8221; custom_button=&#8221;on&#8221; button_text_size=&#8221;1em&#8221; button_text_color=&#8221;#000000&#8243; button_bg_color=&#8221;#FFFFFF&#8221; button_border_width=&#8221;0px&#8221; button_border_radius=&#8221;25px&#8221; button_use_icon=&#8221;off&#8221; positioning=&#8221;absolute&#8221; position_origin_f=&#8221;center_center&#8221; vertical_offset=&#8221;15px&#8221; horizontal_offset=&#8221;15px&#8221; custom_padding=&#8221;|25px||25px|false|true&#8221; hover_enabled=&#8221;0&#8243; global_colors_info=&#8221;{}&#8221; sticky_enabled=&#8221;0&#8243;][\/et_pb_button][et_pb_text _builder_version=&#8221;4.27.0&#8243; _module_preset=&#8221;default&#8221; text_font=&#8221;|300|||||||&#8221; text_text_color=&#8221;#000000&#8243; text_font_size=&#8221;1em&#8221; header_2_text_color=&#8221;#000000&#8243; header_2_font_size=&#8221;1.8em&#8221; header_2_line_height=&#8221;1.5em&#8221; background_color=&#8221;#FFFFFF&#8221; custom_margin=&#8221;||||false|false&#8221; custom_padding=&#8221;30px||||false|false&#8221; global_colors_info=&#8221;{}&#8221;]<\/p>\n<h2>\u039f\u03b4\u03b7\u03b3\u03cc\u03c2 \u03b5\u03c6\u03b1\u03c1\u03bc\u03bf\u03b3\u03ae\u03c2<\/h2>\n<p>Przewodnik wdro\u017ceniowy wspiera nauczycieli i specjalist\u00f3w edukacyjnych w zakresie korzystania z narz\u0119dzi CogniQuest w ich praktykach nauczania.<\/p>\n<p>[\/et_pb_text][\/et_pb_column][\/et_pb_row][\/et_pb_section]<\/p>\n","protected":false},"excerpt":{"rendered":"<p>\u03a0\u03b1\u03b9\u03b4\u03b1\u03b3\u03c9\u03b3\u03b9\u03ba\u03cc\u03c2 \u03bf\u03b4\u03b7\u03b3\u03cc\u03c2 \u0391\u03c5\u03c4\u03cc\u03c2 \u03bf \u03b8\u03b5\u03c9\u03c1\u03b7\u03c4\u03b9\u03ba\u03cc\u03c2 \u03bf\u03b4\u03b7\u03b3\u03cc\u03c2 \u03c0\u03c1\u03bf\u03c9\u03b8\u03b5\u03af \u03c4\u03b7 \u03c3\u03b7\u03bc\u03b1\u03c3\u03af\u03b1 \u03c4\u03c9\u03bd \u03bc\u03b5\u03c4\u03b1\u03b3\u03bd\u03c9\u03c3\u03c4\u03b9\u03ba\u03ce\u03bd \u03c3\u03c4\u03c1\u03b1\u03c4\u03b7\u03b3\u03b9\u03ba\u03ce\u03bd \u03c3\u03c4\u03b7\u03bd \u03b5\u03ba\u03c0\u03b1\u03af\u03b4\u03b5\u03c5\u03c3\u03b7, \u03b2\u03bf\u03b7\u03b8\u03ce\u03bd\u03c4\u03b1\u03c2 \u03c4\u03bf\u03c5\u03c2 \u03b5\u03ba\u03c0\u03b1\u03b9\u03b4\u03b5\u03c5\u03c4\u03b9\u03ba\u03bf\u03cd\u03c2 \u03bd\u03b1 \u03ba\u03b1\u03c4\u03b1\u03bd\u03bf\u03ae\u03c3\u03bf\u03c5\u03bd \u03c4\u03b1 \u03b4\u03b9\u03b1\u03c6\u03bf\u03c1\u03b5\u03c4\u03b9\u03ba\u03ac \u03bc\u03b1\u03b8\u03b7\u03c3\u03b9\u03b1\u03ba\u03ac \u03bc\u03bf\u03bd\u03bf\u03c0\u03ac\u03c4\u03b9\u03b1 \u03c4\u03c9\u03bd \u03bc\u03b1\u03b8\u03b7\u03c4\u03ce\u03bd \u03ba\u03b1\u03b9 \u03c4\u03b7 \u03c3\u03b7\u03bc\u03b1\u03c3\u03af\u03b1 \u03c4\u03c9\u03bd \u03b5\u03be\u03b1\u03c4\u03bf\u03bc\u03b9\u03ba\u03b5\u03c5\u03bc\u03ad\u03bd\u03c9\u03bd \u03b1\u03c4\u03bf\u03bc\u03b9\u03ba\u03ce\u03bd \u03b4\u03b9\u03b1\u03b4\u03b9\u03ba\u03b1\u03c3\u03b9\u03ce\u03bd \u03bc\u03ac\u03b8\u03b7\u03c3\u03b7\u03c2 \u03b3\u03b9\u03b1 \u03b1\u03c5\u03be\u03b7\u03bc\u03ad\u03bd\u03b7 \u03c0\u03b1\u03c1\u03b1\u03b3\u03c9\u03b3\u03b9\u03ba\u03cc\u03c4\u03b7\u03c4\u03b1 \u03ba\u03b1\u03b9 \u03b1\u03c0\u03bf\u03c4\u03b5\u03bb\u03b5\u03c3\u03bc\u03b1\u03c4\u03b9\u03ba\u03cc\u03c4\u03b7\u03c4\u03b1.\u03a0\u03c1\u03b1\u03ba\u03c4\u03b9\u03ba\u03cc\u03c2 \u03bf\u03b4\u03b7\u03b3\u03cc\u03c2 \u039f \u03c0\u03c1\u03b1\u03ba\u03c4\u03b9\u03ba\u03cc\u03c2 \u03bf\u03b4\u03b7\u03b3\u03cc\u03c2 \u03c0\u03b1\u03c1\u03ad\u03c7\u03b5\u03b9 \u03c3\u03b5 \u03b4\u03b1\u03c3\u03ba\u03ac\u03bb\u03bf\u03c5\u03c2 \u03ba\u03b1\u03b9 \u03b5\u03c0\u03b1\u03b3\u03b3\u03b5\u03bb\u03bc\u03b1\u03c4\u03af\u03b5\u03c2 \u03c0\u03c1\u03b1\u03ba\u03c4\u03b9\u03ba\u03ad\u03c2 \u03bc\u03b5\u03b8\u03cc\u03b4\u03bf\u03c5\u03c2 \u03ba\u03b1\u03b9 \u03bc\u03b5\u03c4\u03b1\u03b3\u03bd\u03c9\u03c3\u03c4\u03b9\u03ba\u03ad\u03c2 \u03c3\u03c4\u03c1\u03b1\u03c4\u03b7\u03b3\u03b9\u03ba\u03ad\u03c2 \u03c3\u03c4\u03b7\u03bd \u03c4\u03ac\u03be\u03b7 \u03b3\u03b9\u03b1 [&hellip;]<\/p>\n","protected":false},"author":2,"featured_media":0,"parent":724,"menu_order":0,"comment_status":"closed","ping_status":"closed","template":"","meta":{"_acf_changed":false,"_et_pb_use_builder":"on","_et_pb_old_content":"","_et_gb_content_width":"","footnotes":""},"class_list":["post-1224","page","type-page","status-publish","hentry"],"acf":[],"_links":{"self":[{"href":"https:\/\/cogniquest.eu\/el\/wp-json\/wp\/v2\/pages\/1224","targetHints":{"allow":["GET"]}}],"collection":[{"href":"https:\/\/cogniquest.eu\/el\/wp-json\/wp\/v2\/pages"}],"about":[{"href":"https:\/\/cogniquest.eu\/el\/wp-json\/wp\/v2\/types\/page"}],"author":[{"embeddable":true,"href":"https:\/\/cogniquest.eu\/el\/wp-json\/wp\/v2\/users\/2"}],"replies":[{"embeddable":true,"href":"https:\/\/cogniquest.eu\/el\/wp-json\/wp\/v2\/comments?post=1224"}],"version-history":[{"count":25,"href":"https:\/\/cogniquest.eu\/el\/wp-json\/wp\/v2\/pages\/1224\/revisions"}],"predecessor-version":[{"id":2784,"href":"https:\/\/cogniquest.eu\/el\/wp-json\/wp\/v2\/pages\/1224\/revisions\/2784"}],"up":[{"embeddable":true,"href":"https:\/\/cogniquest.eu\/el\/wp-json\/wp\/v2\/pages\/724"}],"wp:attachment":[{"href":"https:\/\/cogniquest.eu\/el\/wp-json\/wp\/v2\/media?parent=1224"}],"curies":[{"name":"wp","href":"https:\/\/api.w.org\/{rel}","templated":true}]}}